{"id":33610,"date":"2022-03-30T12:36:40","date_gmt":"2022-03-30T10:36:40","guid":{"rendered":"https:\/\/www.locusmap.app\/wie-unterscheidet-sich-locus-map-4-von-locus-map-3-classic\/"},"modified":"2025-12-11T16:42:32","modified_gmt":"2025-12-11T15:42:32","slug":"locus-map-4-gegen-locus-map-3-classic","status":"publish","type":"page","link":"https:\/\/www.locusmap.app\/de\/locus-map-4-gegen-locus-map-3-classic\/","title":{"rendered":"Wie unterscheidet sich Locus Map 4 von Locus Map 3 Classic?"},"content":{"rendered":"\t\t<div data-elementor-type=\"wp-page\" data-elementor-id=\"33610\" class=\"elementor elementor-33610 elementor-33603\">\n\t\t\t\t\t\t<section class=\"elementor-section elementor-top-section elementor-element elementor-element-718fbc6e elementor-section-boxed elementor-section-height-default elementor-section-height-default\" data-id=\"718fbc6e\" data-element_type=\"section\" data-e-type=\"section\">\n\t\t\t\t\t\t<div class=\"elementor-container elementor-column-gap-default\">\n\t\t\t\t\t<div class=\"elementor-column elementor-col-100 elementor-top-column elementor-element elementor-element-49d420a6\" data-id=\"49d420a6\" data-element_type=\"column\" data-e-type=\"column\">\n\t\t\t<div class=\"elementor-widget-wrap elementor-element-populated\">\n\t\t\t\t\t\t<div class=\"elementor-element elementor-element-d4a0e6f elementor-widget elementor-widget-image\" data-id=\"d4a0e6f\" data-element_type=\"widget\" data-e-type=\"widget\" data-widget_type=\"image.default\">\n\t\t\t\t<div class=\"elementor-widget-container\">\n\t\t\t\t\t\t\t\t\t\t\t\t\t\t\t<img fetchpriority=\"high\" decoding=\"async\" width=\"600\" height=\"276\" src=\"https:\/\/www.locusmap.app\/wp-content\/uploads\/2022\/04\/LMA-LCA.png\" class=\"attachment-large size-large wp-image-33712\" alt=\"\" \/>\t\t\t\t\t\t\t\t\t\t\t\t\t\t\t<\/div>\n\t\t\t\t<\/div>\n\t\t\t\t<div class=\"elementor-element elementor-element-7501219e elementor-widget elementor-widget-text-editor\" data-id=\"7501219e\" data-element_type=\"widget\" data-e-type=\"widget\" data-widget_type=\"text-editor.default\">\n\t\t\t\t<div class=\"elementor-widget-container\">\n\t\t\t\t\t\t\t\t\t<h1><b>Wie unterscheidet sich Locus Map 4 von Locus Map 3 Classic?<\/b><\/h1><br><span style=\"font-weight: 400;\">Locus Map 4 ist die neueste Generation der Locus Map-Anwendung. Aufgrund der zahlreichen \u00c4nderungen und Aktualisierungen des Gesch\u00e4ftsmodells im Vergleich zum \u00e4lteren und nach wie vor beliebten Locus Map 3 Classic (ehemals PRO) haben wir beschlossen, vor\u00fcbergehend beide Versionen weiterzuentwickeln. Der Support f\u00fcr Locus Map 3 Classic endet im Dezember 2026.<\/span><br><br><span style=\"font-weight: 400;\">Im Vergleich zu seinem Vorg\u00e4nger bietet Locus Map 4 eine ganze Reihe von Verbesserungen, neuen Funktionen und auch die Anbindung an Webdienste:<\/span><br><h1><b>Ergonomische Benutzeroberfl\u00e4che<\/b><\/h1><br>&nbsp;<br><h2><b>Alles griffbereit<\/b><\/h2><br>&nbsp;<br><ul>\r\n \t<li style=\"font-weight: 400;\" aria-level=\"1\"><span style=\"font-weight: 400;\">Die Funktionsschaltfl\u00e4chen wurden an den unteren Bildschirmrand verschoben, sodass oben nur noch das Informationsfeld und die Navigationsleiste zu sehen sind.<\/span><\/li>\r\n \t<li style=\"font-weight: 400;\" aria-level=\"1\"><span style=\"font-weight: 400;\">Panels mit Routen- oder Punktdetails werden ebenfalls von unten herausgeschoben.<\/span><\/li>\r\n<\/ul><br>&nbsp;<br><h2><b>Sie k\u00f6nnen alle Steuerelemente an Ihre Bed\u00fcrfnisse anpassen.<\/b><\/h2><br>&nbsp;<br><ul>\r\n \t<li style=\"font-weight: 400;\" aria-level=\"1\"><span style=\"font-weight: 400;\">Die Schaltfl\u00e4chen f\u00fcr Zoom, Zentrieren, Inhalt und Routenaufzeichnung sowie alle Bedienfelder k\u00f6nnen ausgeblendet werden.<\/span><\/li>\r\n \t<li style=\"font-weight: 400;\" aria-level=\"1\"><span style=\"font-weight: 400;\">Der Inhalt der Funktionsfelder und des Hauptmen\u00fcs kann ge\u00e4ndert werden.<\/span><\/li>\r\n \t<li style=\"font-weight: 400;\" aria-level=\"1\"><span style=\"font-weight: 400;\">Der gesamte Bildschirm kann f\u00fcr Linksh\u00e4nder seitlich gedreht werden.<\/span><\/li>\r\n<\/ul><br>&nbsp;<br><h2><b>Sparen Sie Akkuleistung mit dem beliebten Dunkelbildschirmmodus<\/b><\/h2><br>&nbsp;<br><ul>\r\n \t<li style=\"font-weight: 400;\" aria-level=\"1\"><span style=\"font-weight: 400;\">Sie k\u00f6nnen es dauerhaft oder je nach Tageszeit einschalten lassen.<\/span><\/li>\r\n<\/ul><br>&nbsp;<br><h1><b>Neue Karten, Sehensw\u00fcrdigkeiten und Router<\/b><\/h1><br>&nbsp;<br><h2><b>Online LoMaps<\/b><\/h2><br>&nbsp;<br><ul>\r\n \t<li style=\"font-weight: 400;\" aria-level=\"1\"><span style=\"font-weight: 400;\">Detaillierte Rad-\/Wander- und Winterkarten KOSTENLOS, die die ganze Welt abdecken.<\/span><\/li>\r\n \t<li style=\"font-weight: 400;\" aria-level=\"1\"><span style=\"font-weight: 400;\">Dazu geh\u00f6ren markierte Wander- und Radwege sowie Gel\u00e4ndeschattierungen zur besseren Orientierung.<\/span><\/li>\r\n<\/ul><br>&nbsp;<br><h2><b>Satellitenkarten<\/b><\/h2><br>&nbsp;<br><ul>\r\n \t<li style=\"font-weight: 400;\" aria-level=\"1\"><span style=\"font-weight: 400;\">Globale Luftbild- und Satellitenkarten auf Basis aktueller Daten von Here und Maxar.<\/span><\/li>\r\n \t<li style=\"font-weight: 400;\" aria-level=\"1\"><span style=\"font-weight: 400;\">Bis zu 18-facher Zoom verf\u00fcgbar.<\/span><\/li>\r\n \t<li style=\"font-weight: 400;\" aria-level=\"1\"><span style=\"font-weight: 400;\">Sie k\u00f6nnen im tempor\u00e4ren Speicher abgelegt und bis zu einem Jahr lang offline verwendet werden.<\/span><\/li>\r\n<\/ul><br>&nbsp;<br><h2><b>Online LoPoints\u00a0<\/b><\/h2><br>&nbsp;<br><ul>\r\n \t<li style=\"font-weight: 400;\" aria-level=\"1\"><span style=\"font-weight: 400;\">Dynamische Sehensw\u00fcrdigkeiten mit Informationen f\u00fcr die ganze Welt.<\/span><\/li>\r\n \t<li style=\"font-weight: 400;\" aria-level=\"1\"><span style=\"font-weight: 400;\">Dank der Erg\u00e4nzung durch Daten aus Wikipedia enthalten sie auch detaillierte Beschreibungen und Fotos.<\/span><\/li>\r\n \t<li style=\"font-weight: 400;\" aria-level=\"1\"><span style=\"font-weight: 400;\">Erweiterte Volltextsuche nach interessanten Orten und Adressen.<\/span><\/li>\r\n \t<li style=\"font-weight: 400;\" aria-level=\"1\"><span style=\"font-weight: 400;\">Benutzerfotos k\u00f6nnen hinzugef\u00fcgt werden, um den aktuellen Zustand zu dokumentieren.<\/span><\/li>\r\n<\/ul><br>&nbsp;<br><h2><b>LoRouter<\/b><\/h2><br>&nbsp;<br><ul>\r\n \t<li style=\"font-weight: 400;\" aria-level=\"1\"><span style=\"font-weight: 400;\">Integrierter Router \u2013 keine Notwendigkeit, zus\u00e4tzliche externe Anwendungen zu installieren oder Dienste von Drittanbietern f\u00fcr die Routenplanung zu nutzen.<\/span><\/li>\r\n \t<li style=\"font-weight: 400;\" aria-level=\"1\"><span style=\"font-weight: 400;\">Online und offline verf\u00fcgbar.<\/span><\/li>\r\n \t<li style=\"font-weight: 400;\" aria-level=\"1\"><span style=\"font-weight: 400;\">Routenplanung und Navigation zu Ihrem Ziel mit optimierten Routenprofilen, einschlie\u00dflich benutzerdefinierter Einstellungen<\/span><\/li>\r\n<\/ul><br><b>Online-LoMaps, Satellitenkarten, LoPoints und LoRouter sind sowohl in der App als auch im <\/b><a href=\"http:\/\/web.locusmap.app\/\"><b>Web-Routenplaner<\/b><\/a><b> verf\u00fcgbar.<\/b><br><h1><b>Webdienste<\/b><\/h1><br>&nbsp;<br><h2><b>Datensynchronisation<\/b><\/h2><br>&nbsp;<br><ul>\r\n \t<li style=\"font-weight: 400;\" aria-level=\"1\"><span style=\"font-weight: 400;\">Sie m\u00fcssen sich keine Gedanken mehr \u00fcber Ihre Routen und Punkte machen, da diese automatisch mit der <\/span><a href=\"http:\/\/web.locusmap.app\/\"><span style=\"font-weight: 400;\">Bibliothek im Internet<\/span><\/a><span style=\"font-weight: 400;\"> synchronisiert werden.<\/span><\/li>\r\n \t<li style=\"font-weight: 400;\" aria-level=\"1\"><span style=\"font-weight: 400;\">Dank Cloud-Synchronisierung k\u00f6nnen Sie Locus Map bequem auf mehreren Ger\u00e4ten nutzen, egal ob Android oder iOS.<\/span><\/li>\r\n<\/ul><br>&nbsp;<br><h2><b>Reiseplanung und Routenbibliothek auf der Website<\/b><\/h2><br>&nbsp;<br><ul>\r\n \t<li style=\"font-weight: 400;\" aria-level=\"1\"><span style=\"font-weight: 400;\">Planen oder importieren Sie eine Route auf dem gro\u00dfen Bildschirm Ihres PCs, speichern Sie sie, und die Route wird mit all Ihren Mobilger\u00e4ten synchronisiert.<\/span><\/li>\r\n \t<li style=\"font-weight: 400;\" aria-level=\"1\"><span style=\"font-weight: 400;\">Sie k\u00f6nnen die w\u00e4hrend Ihrer Reise auf Ihrem Mobiltelefon aufgezeichnete Route bequem zu Hause auf einem gro\u00dfen Bildschirm ansehen.<\/span><\/li>\r\n<\/ul><br>&nbsp;<br><h1><b>\u2026und andere Kleinigkeiten<\/b><\/h1><br>&nbsp;<br><ul>\r\n \t<li style=\"font-weight: 400;\" aria-level=\"1\"><span style=\"font-weight: 400;\">Option zur Verwendung von OneDrive f\u00fcr Sicherung, Export und Import<\/span><\/li>\r\n \t<li style=\"font-weight: 400;\" aria-level=\"1\"><span style=\"font-weight: 400;\">Anzeige verschiedener Arten von Koordinatengittern<\/span><\/li>\r\n \t<li style=\"font-weight: 400;\" aria-level=\"1\"><span style=\"font-weight: 400;\">Unterst\u00fctzung f\u00fcr benutzerdefinierte WMTS-Kartenquellen<\/span><\/li>\r\n \t<li style=\"font-weight: 400;\" aria-level=\"1\"><span style=\"font-weight: 400;\">Kombinierter Controller f\u00fcr BT- und ANT-Sensoren<\/span><\/li>\r\n \t<li style=\"font-weight: 400;\" aria-level=\"1\"><span style=\"font-weight: 400;\">Suche in Online- und Offline-LoPoints<\/span><\/li>\r\n<\/ul><br>&nbsp;<br><h1><b>Was kann ich mit Locus Map 4 bekommen?<\/b><\/h1><br><span style=\"font-weight: 400;\">Die Anwendung ist in drei Versionen erh\u00e4ltlich.<\/span><br><br><span style=\"font-weight: 400;\">Die Basisversion, die Sie als eigenst\u00e4ndige App bei Google Play herunterladen k\u00f6nnen, ist KOSTENLOS. Sie enth\u00e4lt alles, was Sie f\u00fcr den t\u00e4glichen Gebrauch bei Outdoor-Aktivit\u00e4ten ben\u00f6tigen \u2013 Routenplanung und -aufzeichnung oder Navigation.<\/span><br><br><span style=\"font-weight: 400;\">F\u00fcr begeisterte Outdoor-Fans gibt es das <\/span><b>PREMIUM SILVER<\/b><span style=\"font-weight: 400;\">-Paket, das Sport- und Kartentools enth\u00e4lt. F\u00fcr besonders anspruchsvolle Nutzer gibt es die Option <\/span><b>PREMIUM GOLD<\/b><span style=\"font-weight: 400;\">, die alle Funktionen der App und alle Webdienste umfasst. <\/span><a href=\"https:\/\/www.locusmap.app\/de\/premium\/\"><span style=\"font-weight: 400;\">Einen detaillierten Vergleich der Premium-Pakete finden Sie HIER.\u00a0<\/span><\/a><br><br><span style=\"font-weight: 400;\">PREMIUM-Optionen sind im Rahmen eines Abonnements oder gegen eine einmalige Zahlung erh\u00e4ltlich. Nutzer von Locus Map 3 Classic erhalten Silver ein ganzes Jahr lang KOSTENLOS und einen exklusiven Rabatt von 50 % auf ein Jahresabonnement f\u00fcr Gold.<\/span><br><h1><b>\u00dcbergang zwischen Locus Map 3 und Locus Map 4<\/b><\/h1><br><span style=\"font-weight: 400;\">Bitte befolgen Sie die Anweisungen in der <\/span><a href=\"https:\/\/docs.locusmap.app\/doku.php?id=manual:faq:pro_to_lm4\"><b>Bedienungsanleitung<\/b><\/a><span style=\"font-weight: 400;\">.<\/span>\t\t\t\t\t\t\t\t<\/div>\n\t\t\t\t<\/div>\n\t\t\t\t\t<\/div>\n\t\t<\/div>\n\t\t\t\t\t<\/div>\n\t\t<\/section>\n\t\t\t\t<\/div>\n\t\t<div class=\"clearfix\"><\/div>","protected":false},"excerpt":{"rendered":"<p>Wie unterscheidet sich Locus Map 4 von Locus Map 3 Classic? Locus Map 4 ist&#8230;<\/p>\n","protected":false},"author":8,"featured_media":0,"parent":0,"menu_order":0,"comment_status":"closed","ping_status":"closed","template":"elementor_header_footer","meta":{"footnotes":""},"class_list":["post-33610","page","type-page","status-publish","hentry"],"yoast_head":"<!-- This site is optimized with the Yoast SEO plugin v27.5 - https:\/\/yoast.com\/product\/yoast-seo-wordpress\/ -->\n<title>Wie unterscheidet sich Locus Map 4 von Locus Map 3 Classic? - Locus Map - Outdoor-Navigations-App<\/title>\n<meta name=\"description\" content=\"Locus Map 4 ist die neueste Generation der Locus Map-Anwendung. Aufgrund der zahlreichen \u00c4nderungen und Aktualisierungen des Gesch\u00e4ftsmodells im Vergleich zum \u00e4lteren und nach wie vor beliebten Locus Map 3 Classic (ehemals PRO) haben wir beschlossen, vor\u00fcbergehend beide Versionen weiterzuentwickeln. Der Support f\u00fcr Locus Map 3 Classic endet im Dezember 2026.\" \/>\n<meta name=\"robots\" content=\"index, follow, max-snippet:-1, max-image-preview:large, max-video-preview:-1\" \/>\n<link rel=\"canonical\" href=\"https:\/\/www.locusmap.app\/de\/locus-map-4-gegen-locus-map-3-classic\/\" \/>\n<meta property=\"og:locale\" content=\"de_DE\" \/>\n<meta property=\"og:type\" content=\"article\" \/>\n<meta property=\"og:title\" content=\"Wie unterscheidet sich Locus Map 4 von Locus Map 3 Classic? - Locus Map - Outdoor-Navigations-App\" \/>\n<meta property=\"og:description\" content=\"Locus Map 4 ist die neueste Generation der Locus Map-Anwendung. Aufgrund der zahlreichen \u00c4nderungen und Aktualisierungen des Gesch\u00e4ftsmodells im Vergleich zum \u00e4lteren und nach wie vor beliebten Locus Map 3 Classic (ehemals PRO) haben wir beschlossen, vor\u00fcbergehend beide Versionen weiterzuentwickeln. Der Support f\u00fcr Locus Map 3 Classic endet im Dezember 2026.\" \/>\n<meta property=\"og:url\" content=\"https:\/\/www.locusmap.app\/de\/locus-map-4-gegen-locus-map-3-classic\/\" \/>\n<meta property=\"og:site_name\" content=\"Locus Map - Outdoor-Navigations-App\" \/>\n<meta property=\"article:publisher\" content=\"https:\/\/www.facebook.com\/locusmap\" \/>\n<meta property=\"article:modified_time\" content=\"2025-12-11T15:42:32+00:00\" \/>\n<meta property=\"og:image\" content=\"https:\/\/www.locusmap.app\/wp-content\/uploads\/2022\/04\/LMA-LCA.png\" \/>\n\t<meta property=\"og:image:width\" content=\"600\" \/>\n\t<meta property=\"og:image:height\" content=\"276\" \/>\n\t<meta property=\"og:image:type\" content=\"image\/png\" \/>\n<meta name=\"twitter:card\" content=\"summary_large_image\" \/>\n<meta name=\"twitter:label1\" content=\"Gesch\u00e4tzte Lesezeit\" \/>\n\t<meta name=\"twitter:data1\" content=\"4\u00a0Minuten\" \/>\n<script type=\"application\/ld+json\" class=\"yoast-schema-graph\">{\"@context\":\"https:\\\/\\\/schema.org\",\"@graph\":[{\"@type\":\"WebPage\",\"@id\":\"https:\\\/\\\/www.locusmap.app\\\/de\\\/locus-map-4-gegen-locus-map-3-classic\\\/\",\"url\":\"https:\\\/\\\/www.locusmap.app\\\/de\\\/locus-map-4-gegen-locus-map-3-classic\\\/\",\"name\":\"Wie unterscheidet sich Locus Map 4 von Locus Map 3 Classic? - Locus Map - Outdoor-Navigations-App\",\"isPartOf\":{\"@id\":\"https:\\\/\\\/www.locusmap.app\\\/de\\\/#website\"},\"primaryImageOfPage\":{\"@id\":\"https:\\\/\\\/www.locusmap.app\\\/de\\\/locus-map-4-gegen-locus-map-3-classic\\\/#primaryimage\"},\"image\":{\"@id\":\"https:\\\/\\\/www.locusmap.app\\\/de\\\/locus-map-4-gegen-locus-map-3-classic\\\/#primaryimage\"},\"thumbnailUrl\":\"https:\\\/\\\/www.locusmap.app\\\/wp-content\\\/uploads\\\/2022\\\/04\\\/LMA-LCA.png\",\"datePublished\":\"2022-03-30T10:36:40+00:00\",\"dateModified\":\"2025-12-11T15:42:32+00:00\",\"description\":\"Locus Map 4 ist die neueste Generation der Locus Map-Anwendung. Aufgrund der zahlreichen \u00c4nderungen und Aktualisierungen des Gesch\u00e4ftsmodells im Vergleich zum \u00e4lteren und nach wie vor beliebten Locus Map 3 Classic (ehemals PRO) haben wir beschlossen, vor\u00fcbergehend beide Versionen weiterzuentwickeln. Der Support f\u00fcr Locus Map 3 Classic endet im Dezember 2026.\",\"breadcrumb\":{\"@id\":\"https:\\\/\\\/www.locusmap.app\\\/de\\\/locus-map-4-gegen-locus-map-3-classic\\\/#breadcrumb\"},\"inLanguage\":\"de\",\"potentialAction\":[{\"@type\":\"ReadAction\",\"target\":[\"https:\\\/\\\/www.locusmap.app\\\/de\\\/locus-map-4-gegen-locus-map-3-classic\\\/\"]}]},{\"@type\":\"ImageObject\",\"inLanguage\":\"de\",\"@id\":\"https:\\\/\\\/www.locusmap.app\\\/de\\\/locus-map-4-gegen-locus-map-3-classic\\\/#primaryimage\",\"url\":\"https:\\\/\\\/www.locusmap.app\\\/wp-content\\\/uploads\\\/2022\\\/04\\\/LMA-LCA.png\",\"contentUrl\":\"https:\\\/\\\/www.locusmap.app\\\/wp-content\\\/uploads\\\/2022\\\/04\\\/LMA-LCA.png\"},{\"@type\":\"BreadcrumbList\",\"@id\":\"https:\\\/\\\/www.locusmap.app\\\/de\\\/locus-map-4-gegen-locus-map-3-classic\\\/#breadcrumb\",\"itemListElement\":[{\"@type\":\"ListItem\",\"position\":1,\"name\":\"Dom\u016f\",\"item\":\"https:\\\/\\\/www.locusmap.app\\\/de\\\/\"},{\"@type\":\"ListItem\",\"position\":2,\"name\":\"Wie unterscheidet sich Locus Map 4 von Locus Map 3 Classic?\"}]},{\"@type\":\"WebSite\",\"@id\":\"https:\\\/\\\/www.locusmap.app\\\/de\\\/#website\",\"url\":\"https:\\\/\\\/www.locusmap.app\\\/de\\\/\",\"name\":\"Locus Map - Outdoor-Navigations-App\",\"description\":\"Multifunktionale mobile Outdoor-Navigations-App zum Wandern, Radfahren, Geocaching, Segeln, Fliegen und f\u00fcr andere Sport- und Reiseaktivit\u00e4ten\",\"publisher\":{\"@id\":\"https:\\\/\\\/www.locusmap.app\\\/de\\\/#organization\"},\"potentialAction\":[{\"@type\":\"SearchAction\",\"target\":{\"@type\":\"EntryPoint\",\"urlTemplate\":\"https:\\\/\\\/www.locusmap.app\\\/de\\\/?s={search_term_string}\"},\"query-input\":{\"@type\":\"PropertyValueSpecification\",\"valueRequired\":true,\"valueName\":\"search_term_string\"}}],\"inLanguage\":\"de\"},{\"@type\":\"Organization\",\"@id\":\"https:\\\/\\\/www.locusmap.app\\\/de\\\/#organization\",\"name\":\"Locus Map - mobile outdoor navigation app\",\"url\":\"https:\\\/\\\/www.locusmap.app\\\/de\\\/\",\"logo\":{\"@type\":\"ImageObject\",\"inLanguage\":\"de\",\"@id\":\"https:\\\/\\\/www.locusmap.app\\\/de\\\/#\\\/schema\\\/logo\\\/image\\\/\",\"url\":\"https:\\\/\\\/www.locusmap.app\\\/wp-content\\\/uploads\\\/2021\\\/03\\\/ggplay-screen-lm4.jpg\",\"contentUrl\":\"https:\\\/\\\/www.locusmap.app\\\/wp-content\\\/uploads\\\/2021\\\/03\\\/ggplay-screen-lm4.jpg\",\"width\":1024,\"height\":500,\"caption\":\"Locus Map - mobile outdoor navigation app\"},\"image\":{\"@id\":\"https:\\\/\\\/www.locusmap.app\\\/de\\\/#\\\/schema\\\/logo\\\/image\\\/\"},\"sameAs\":[\"https:\\\/\\\/www.facebook.com\\\/locusmap\",\"https:\\\/\\\/en.wikipedia.org\\\/wiki\\\/Locus_Map\"]}]}<\/script>\n<!-- \/ Yoast SEO plugin. -->","yoast_head_json":{"title":"Wie unterscheidet sich Locus Map 4 von Locus Map 3 Classic? - Locus Map - Outdoor-Navigations-App","description":"Locus Map 4 ist die neueste Generation der Locus Map-Anwendung. Aufgrund der zahlreichen \u00c4nderungen und Aktualisierungen des Gesch\u00e4ftsmodells im Vergleich zum \u00e4lteren und nach wie vor beliebten Locus Map 3 Classic (ehemals PRO) haben wir beschlossen, vor\u00fcbergehend beide Versionen weiterzuentwickeln. Der Support f\u00fcr Locus Map 3 Classic endet im Dezember 2026.","robots":{"index":"index","follow":"follow","max-snippet":"max-snippet:-1","max-image-preview":"max-image-preview:large","max-video-preview":"max-video-preview:-1"},"canonical":"https:\/\/www.locusmap.app\/de\/locus-map-4-gegen-locus-map-3-classic\/","og_locale":"de_DE","og_type":"article","og_title":"Wie unterscheidet sich Locus Map 4 von Locus Map 3 Classic? - Locus Map - Outdoor-Navigations-App","og_description":"Locus Map 4 ist die neueste Generation der Locus Map-Anwendung. Aufgrund der zahlreichen \u00c4nderungen und Aktualisierungen des Gesch\u00e4ftsmodells im Vergleich zum \u00e4lteren und nach wie vor beliebten Locus Map 3 Classic (ehemals PRO) haben wir beschlossen, vor\u00fcbergehend beide Versionen weiterzuentwickeln. Der Support f\u00fcr Locus Map 3 Classic endet im Dezember 2026.","og_url":"https:\/\/www.locusmap.app\/de\/locus-map-4-gegen-locus-map-3-classic\/","og_site_name":"Locus Map - Outdoor-Navigations-App","article_publisher":"https:\/\/www.facebook.com\/locusmap","article_modified_time":"2025-12-11T15:42:32+00:00","og_image":[{"width":600,"height":276,"url":"https:\/\/www.locusmap.app\/wp-content\/uploads\/2022\/04\/LMA-LCA.png","type":"image\/png"}],"twitter_card":"summary_large_image","twitter_misc":{"Gesch\u00e4tzte Lesezeit":"4\u00a0Minuten"},"schema":{"@context":"https:\/\/schema.org","@graph":[{"@type":"WebPage","@id":"https:\/\/www.locusmap.app\/de\/locus-map-4-gegen-locus-map-3-classic\/","url":"https:\/\/www.locusmap.app\/de\/locus-map-4-gegen-locus-map-3-classic\/","name":"Wie unterscheidet sich Locus Map 4 von Locus Map 3 Classic? - Locus Map - Outdoor-Navigations-App","isPartOf":{"@id":"https:\/\/www.locusmap.app\/de\/#website"},"primaryImageOfPage":{"@id":"https:\/\/www.locusmap.app\/de\/locus-map-4-gegen-locus-map-3-classic\/#primaryimage"},"image":{"@id":"https:\/\/www.locusmap.app\/de\/locus-map-4-gegen-locus-map-3-classic\/#primaryimage"},"thumbnailUrl":"https:\/\/www.locusmap.app\/wp-content\/uploads\/2022\/04\/LMA-LCA.png","datePublished":"2022-03-30T10:36:40+00:00","dateModified":"2025-12-11T15:42:32+00:00","description":"Locus Map 4 ist die neueste Generation der Locus Map-Anwendung. Aufgrund der zahlreichen \u00c4nderungen und Aktualisierungen des Gesch\u00e4ftsmodells im Vergleich zum \u00e4lteren und nach wie vor beliebten Locus Map 3 Classic (ehemals PRO) haben wir beschlossen, vor\u00fcbergehend beide Versionen weiterzuentwickeln. Der Support f\u00fcr Locus Map 3 Classic endet im Dezember 2026.","breadcrumb":{"@id":"https:\/\/www.locusmap.app\/de\/locus-map-4-gegen-locus-map-3-classic\/#breadcrumb"},"inLanguage":"de","potentialAction":[{"@type":"ReadAction","target":["https:\/\/www.locusmap.app\/de\/locus-map-4-gegen-locus-map-3-classic\/"]}]},{"@type":"ImageObject","inLanguage":"de","@id":"https:\/\/www.locusmap.app\/de\/locus-map-4-gegen-locus-map-3-classic\/#primaryimage","url":"https:\/\/www.locusmap.app\/wp-content\/uploads\/2022\/04\/LMA-LCA.png","contentUrl":"https:\/\/www.locusmap.app\/wp-content\/uploads\/2022\/04\/LMA-LCA.png"},{"@type":"BreadcrumbList","@id":"https:\/\/www.locusmap.app\/de\/locus-map-4-gegen-locus-map-3-classic\/#breadcrumb","itemListElement":[{"@type":"ListItem","position":1,"name":"Dom\u016f","item":"https:\/\/www.locusmap.app\/de\/"},{"@type":"ListItem","position":2,"name":"Wie unterscheidet sich Locus Map 4 von Locus Map 3 Classic?"}]},{"@type":"WebSite","@id":"https:\/\/www.locusmap.app\/de\/#website","url":"https:\/\/www.locusmap.app\/de\/","name":"Locus Map - Outdoor-Navigations-App","description":"Multifunktionale mobile Outdoor-Navigations-App zum Wandern, Radfahren, Geocaching, Segeln, Fliegen und f\u00fcr andere Sport- und Reiseaktivit\u00e4ten","publisher":{"@id":"https:\/\/www.locusmap.app\/de\/#organization"},"potentialAction":[{"@type":"SearchAction","target":{"@type":"EntryPoint","urlTemplate":"https:\/\/www.locusmap.app\/de\/?s={search_term_string}"},"query-input":{"@type":"PropertyValueSpecification","valueRequired":true,"valueName":"search_term_string"}}],"inLanguage":"de"},{"@type":"Organization","@id":"https:\/\/www.locusmap.app\/de\/#organization","name":"Locus Map - mobile outdoor navigation app","url":"https:\/\/www.locusmap.app\/de\/","logo":{"@type":"ImageObject","inLanguage":"de","@id":"https:\/\/www.locusmap.app\/de\/#\/schema\/logo\/image\/","url":"https:\/\/www.locusmap.app\/wp-content\/uploads\/2021\/03\/ggplay-screen-lm4.jpg","contentUrl":"https:\/\/www.locusmap.app\/wp-content\/uploads\/2021\/03\/ggplay-screen-lm4.jpg","width":1024,"height":500,"caption":"Locus Map - mobile outdoor navigation app"},"image":{"@id":"https:\/\/www.locusmap.app\/de\/#\/schema\/logo\/image\/"},"sameAs":["https:\/\/www.facebook.com\/locusmap","https:\/\/en.wikipedia.org\/wiki\/Locus_Map"]}]}},"_links":{"self":[{"href":"https:\/\/www.locusmap.app\/de\/wp-json\/wp\/v2\/pages\/33610","targetHints":{"allow":["GET"]}}],"collection":[{"href":"https:\/\/www.locusmap.app\/de\/wp-json\/wp\/v2\/pages"}],"about":[{"href":"https:\/\/www.locusmap.app\/de\/wp-json\/wp\/v2\/types\/page"}],"author":[{"embeddable":true,"href":"https:\/\/www.locusmap.app\/de\/wp-json\/wp\/v2\/users\/8"}],"replies":[{"embeddable":true,"href":"https:\/\/www.locusmap.app\/de\/wp-json\/wp\/v2\/comments?post=33610"}],"version-history":[{"count":16,"href":"https:\/\/www.locusmap.app\/de\/wp-json\/wp\/v2\/pages\/33610\/revisions"}],"predecessor-version":[{"id":37180,"href":"https:\/\/www.locusmap.app\/de\/wp-json\/wp\/v2\/pages\/33610\/revisions\/37180"}],"wp:attachment":[{"href":"https:\/\/www.locusmap.app\/de\/wp-json\/wp\/v2\/media?parent=33610"}],"curies":[{"name":"wp","href":"https:\/\/api.w.org\/{rel}","templated":true}]}}