{"id":31835,"date":"2021-03-08T16:55:35","date_gmt":"2021-03-08T15:55:35","guid":{"rendered":"https:\/\/www.locusmap.app\/grundsaetze-der-verarbeitung-personenbezogener-daten\/"},"modified":"2026-03-18T09:08:29","modified_gmt":"2026-03-18T08:08:29","slug":"privacy","status":"publish","type":"page","link":"https:\/\/www.locusmap.app\/de\/privacy\/","title":{"rendered":"Grunds\u00e4tze der Verarbeitung personenbezogener Daten"},"content":{"rendered":"\n<p><\/p>\n\n<p>Diese Grunds\u00e4tze der Verarbeitung personenbezogener Daten beschreiben in Einklang mit der Verordnung (EU) 2016\/679 des Europ\u00e4ischen Parlaments und des Rates (im Folgenden nur \u201eDSGVO\u201c) alle relevanten Informationen \u00fcber die Verarbeitung der personenbezogenen Daten von Ihnen als der betroffenen Person in der Applikation Locus Map und in den in Zusammenhang stehenden Diensten, einschlie\u00dflich der Web-Plattform (gemeinsam im Folgenden nur \u201eApplikation\u201c). Diese Grunds\u00e4tze werden aber nicht auf die Plattformen Locus Forum und Locus Helpdesk angewandt, die als getrennte Dienste gew\u00e4hrt werden.<\/p>\n\n<p><p id=\"wer_ist_fuer_die_verarbeitung_ihrer_daten_verantwortlich\" class=\"sectionedit2\"><strong>Wer ist f\u00fcr die Verarbeitung Ihrer Daten verantwortlich?<\/strong><\/p><\/p>\n\n<p>Der Verantwortliche f\u00fcr die personenbezogenen Daten ist die Gesellschaft Asamm Software, s.r.o., Identifikationsnummer: 24225321, mit Sitz K odpo\u010dinku 3129\/8, Horn\u00ed Po\u010dernice, 193 00 Praha 9, Tschechien (im Folgenden nur \u201eVerantwortliche\u201c oder \u201ewir\u201c).<\/p>\n\n<p><p id=\"fuer_welche_zwecke_verarbeiten_wir_ihre_personenbezogenen_daten\" class=\"sectionedit3\"><strong>F\u00fcr welche Zwecke verarbeiten wir Ihre personenbezogenen Daten?<\/strong><\/p><\/p>\n\n<p>Die Verarbeitung personenbezogener Daten dient dazu, Ihnen die Nutzung der Applikation und in Zusammenhang stehender Dienste zu erm\u00f6glichen und die Funktionen der Applikation zu warten und zu verbessern, weiter sie auch f\u00fcr die Kommunikation mit Ihnen als dem Kunden des Verantwortlichen zu gebrauchen.<\/p>\n\n<p>Diese Daten sind f\u00fcr die Schaffung Ihres Benutzerkontos notwendig, \u00fcber das Ihnen die Nutzung einiger Funktionen der Applikation erm\u00f6glicht wird. Die Applikation erm\u00f6glicht weiter die \u00f6ffentliche oder private Teilung Ihres Standorts in Echtzeit mit einem unbestimmten Personenkreis und weiter die Speicherung Ihrer vorhergehenden Trasse, die in der Applikation aufgezeichnet wurde.<\/p>\n\n<p>Ein Profiling erfolgt nur im Rahmen der Nutzung der Funktion Locus Store (Verbesserung der Kaufangebote auf der Grundlage der Kaufhistorie im Locus Store) und weiter der Funktion Track Recording (z.B. zur Berechnung des Kalorienverbrauchs beim Sport).<\/p>\n\n<p><p id=\"welche_personenbezogenen_daten_verarbeiten_wir\" class=\"sectionedit4\"><strong>Welche personenbezogenen Daten verarbeiten wir?<\/strong><\/p><\/p>\n\n<p>Wenn Sie die Applikation benutzen, sammeln und verarbeiten wir einige oder alle folgenden Daten, die Sie in der Registrierung anf\u00fchren und die im Verlauf Ihrer Nutzung der Applikation entstehen oder die Sie selbst in die Applikation eingeben.<\/p>\n\n<p>Die f\u00fcr die Registrierung \u00fcber die Applikation in Ihr Benutzerkonto notwendigen Pflichtangaben sind Vor- und Zuname und E-Mail-Adresse. Gleiches gilt auch im Fall der Registrierung in die Applikation \u00fcber Dienste dritter Seiten und soziale Netzwerke, zum Beispiel Facebook.<\/p>\n\n<p>Die Applikation hat den Charakter von Karten- und Navigationssoftware, weswegen sie f\u00fcr die Bestimmung Ihres Standorts Lokalisationsdaten von Ihrem Mobilger\u00e4t benutzt.<\/p>\n\n<p>Wenn Sie die entsprechenden Funktionen der Applikation nutzen, sammeln wir Daten \u00fcber Ihre Kaufhistorie in der Applikation und die Form der Nutzung der Applikation, Lokalisationsdaten und den Suchverlauf, bei einer Verwendung der Web-Plattform der Applikation auch die IP-Adresse, die f\u00fcr die Kommunikation mit Ihrem Ger\u00e4t notwendig ist.<\/p>\n\n<p>Freiwillige Angaben, die Sie bei der Registrierung machen, sind ein Profilfoto und die Bezeichnung Ihres Endger\u00e4ts. Bei einer Nutzung der entsprechenden Funktionen k\u00f6nnen Sie in die Applikation auch multimediale Inhalte etwa mit Ihrem Foto an einem bestimmten Ort einspielen.<\/p>\n\n<p>Die Applikation kann wahlweise auch Ihre biometrischen Daten verarbeiten. F\u00fcr die Berechnung weiterer Parameter einer aufgezeichneten Bewegungsaktivit\u00e4t kann der Nutzer in die Applikation zum Beispiel Geschlecht, Gr\u00f6\u00dfe, Alter und Gewicht eingeben. Mithilfe der Messung durch ein geeignetes Endger\u00e4t kann die Applikation weiter die Herzfrequenz, gegebenenfalls Herzfrequenz-Zonen, die Laktatschwelle, die Trittfrequenz oder die Temperatur messen und verarbeiten. Der Umfang dieser Daten kann sich in Abh\u00e4ngigkeit von der Entwicklung der Funktionen der Applikation \u00e4ndern.<\/p>\n\n<p>Die Applikation nutzt die analytische Software Firebase Analytics der Gesellschaft Google, die gewisse Informationen \u00fcber das Ger\u00e4t und die Form der Nutzung der Applikation durch den Benutzer auswertet. Diese Informationen werden ausschlie\u00dflich f\u00fcr analytische Zwecke verwendet.<\/p>\n\n<p>Wenn Sie die Web-Plattform der Applikation verwenden, speichern wir in Ihrem Ger\u00e4t sogenannte Cookies, die technische Informationen enthalten, die f\u00fcr die Kommunikation und die Anmeldung in Ihr Benutzerkonto notwendig sind oder gegebenenfalls analytische Daten enthalten.<\/p>\n\n<p>Bei der Verwendung einiger Funktionen (z.B. der Funktion in Zusammenhang mit dem Dienst Geocaching) wird der Benutzer aufgefordert, sich bei Diensten dritter Seiten anzumelden. Die Anmeldung erfolgt direkt im Dienst der dritten Seite, in solch einem Fall verarbeiten wir \u00fcber die Applikation nur den w\u00e4hrend des Anmeldungsprozesses erlangten Identifikator, gegebenenfalls den Benutzernamen und das Profilfoto des jeweiligen Dienstes der dritten Seite zum Zweck ihrer Abbildung in der Applikation.<\/p>\n\n<p><p id=\"was_ist_die_rechtsgrundlage_fuer_die_verarbeitung_ihrer_daten\" class=\"sectionedit5\"><strong>Was ist die Rechtsgrundlage f\u00fcr die Verarbeitung Ihrer Daten?<\/strong><\/p><\/p>\n\n<p>Die Verarbeitung einiger Ihrer personenbezogenen Daten ist f\u00fcr die Erf\u00fcllung des Lizenzvertrags notwendig, den Sie mit uns geschlossen haben (im Folgenden nur \u201eVertrag\u201c), insbesondere daf\u00fcr, dass Sie die entsprechenden Funktionen der Applikation nutzen k\u00f6nnen. Eine solche Verarbeitung steht in Einklang mit Artikel 6 Abs. 1 Buchst. b) DSGVO.<\/p>\n\n<p>Den Teil Ihrer personenbezogenen Daten, der analytische Daten betrifft, verarbeiten wir gem\u00e4\u00df Artikel 6 Abs. 1 Buchst. f) DSGVO, also auf der Grundlage der berechtigten Interessen des Verantwortlichen, die Applikation zu verbessern und zu warten, oder f\u00fcr einen eventuellen Schutz der Eigentumsrechte nach Erf\u00fcllung des Vertrags und f\u00fcr eine Monetarisierung der Applikation durch Reklame.<\/p>\n\n<p>Auf der Grundlage der oben angef\u00fchrten berechtigten Interessen des Verantwortlichen wird Ihnen der Verantwortliche gelegentlich sog. Newsletter zuschicken, in denen er Sie \u00fcber Neuheiten in der Applikation informiert.<\/p>\n\n<p><p id=\"wie_lange_bewahren_wir_personenbezogene_daten_auf\" class=\"sectionedit6\"><strong>Wie lange bewahren wir personenbezogene Daten auf?<\/strong><\/p><\/p>\n\n<p>Daten, die f\u00fcr die Erf\u00fcllung des Vertrags notwendig sind, werden nur w\u00e4hrend der Dauer des Vertrags verarbeitet, sofern im Folgenden nichts anderes bestimmt wird. Die grundlegenden Identifikationsdaten werden weiter noch drei Jahre nach Beendigung des Vertrags verarbeitet, was der Verj\u00e4hrungsfrist von Eigentumsrechten aus dem Vertrag entspricht. F\u00fcr die Funktion der Teilung Ihres aktuellen Standorts unter der Bezeichnung \u201eLive Tracking\u201c verarbeiten wir Ihre aktuellen Lokalisationsdaten nur bis zum Schlie\u00dfen der Applikation, anschlie\u00dfend l\u00f6schen wir sie unverz\u00fcglich.<\/p>\n\n<p>Den freiwilligen Teil der Daten k\u00f6nnen Sie jederzeit \u00e4ndern, zum Beispiel durch L\u00f6schen des eingegebenen Fotos aus der Applikation. In solch einem Fall beendet der Verantwortliche die Verarbeitung dieser Daten sp\u00e4testens im Augenblick des Erl\u00f6schens der regelm\u00e4\u00dfig gespeicherten Daten.<\/p>\n\n<p>Jegliche f\u00fcr die Zwecke der Analytik verarbeiteten personenbezogenen Daten werden nur bis zur Schaffung der statistischen Daten gespeichert, anschlie\u00dfend werden sie automatisch beseitigt. Der Verantwortliche analysiert dann nur die akkumulierten anonymisierten Daten.<\/p>\n\n<p>Cookies werden f\u00fcr eine Zeit von 30 Tagen ab der Speicherung auf Ihrem Ger\u00e4t aufbewahrt.<\/p>\n\n<p>Die weiteren oben angef\u00fchrten Daten verarbeiten wir nur bis zur L\u00f6schung Ihres Benutzerkontos.<\/p>\n\n<p><p id=\"wem_uebergeben_wir_ihre_daten\" class=\"sectionedit7\"><strong>Wem \u00fcbergeben wir Ihre Daten?<\/strong><\/p><\/p>\n\n<p>Wenn der Verantwortliche personenbezogene Daten dritten Personen \u00fcbergibt, so geschieht dies zu einem der oben angef\u00fchrten Zwecke, typischer Weise an einen Auftragsverarbeiter personenbezogener Daten oder andere Verantwortliche. Der Verantwortliche nutzt f\u00fcr die weitere Verarbeitung Ihrer personenbezogenen Daten die Dienste dritter Seiten auch au\u00dferhalb der Europ\u00e4ischen Union, zum Beispiel der Gesellschaften Host Europe GmbH, DigitalOcean Inc., Google Inc. und Google Ireland Limited, die Dienste gew\u00e4hren, die f\u00fcr den Betrieb der Applikation, Server-Hosting, gegebenenfalls analytische Dienste n\u00f6tig sind. Nur f\u00fcr diesen Zweck werden ihnen die n\u00f6tigen personenbezogenen Daten \u00fcbergeben.<\/p>\n\n<p>Zum Zweck der Gew\u00e4hrung personalisierter Reklame \u00fcber die Plattform Google AdSense in der Applikation k\u00f6nnen einige Ihrer Daten dritten Seiten als selbst\u00e4ndigen Verantwortlichen f\u00fcr diese Daten \u00fcbergeben werden. Mehr Informationen \u00fcber den Dienst Google AdSense finden Sie hier:\u00a0<a class=\"urlextern\" title=\"https:\/\/policies.google.com\/technologies\/ads\" href=\"https:\/\/policies.google.com\/technologies\/ads\" rel=\"ugc nofollow\">https:\/\/policies.google.com\/technologies\/ads<\/a>.<\/p>\n\n<p>Bei der Anmeldung beim Benutzerkonto in der Applikation und auf den Webseiten des Verantwortlichen unter der Adresse\u00a0<a class=\"urlextern\" title=\"http:\/\/www.locusmap.app\" href=\"http:\/\/www.locusmap.app\/\" rel=\"ugc nofollow\">http:\/\/www.locusmap.app<\/a>\u00a0(im Folgenden nur \u201eWeb-Seiten\u201c) verwendet der Verantwortliche die Dienste Firebase Authentication der Gesellschaft Google Ireland Limited, die f\u00fcr Ihre Identifikation in den verschiedenen Diensten des Verantwortlichen und dritter Seiten einen eindeutigen Identifikator (ID token) benutzt, der Ihre grundlegenden Identifikationsdaten enth\u00e4lt, insbesondere Vor- und Zuname, E-Mail-Adresse, IP-Adresse und eventuell ein Profilfoto. Zu diesem Zweck bewahren wir Ihre IP-Adresse einige Wochen nach der Anmeldung und die weiteren angef\u00fchrten Daten bis zum Zeitpunkt auf, an dem Ihr in der Applikation verwendetes Benutzerkonto voll beseitigt wird, und danach f\u00fcr eine Zeit von 180 Tagen im Rahmen der auslaufenden Speicherung der Daten auf unseren Servern.<\/p>\n\n<p>Wenn Sie in der Applikation die Funktion \u201eMeldung von Ereignissen\u201c eingestellt haben, werden Ihre Lokalisationsdaten und gegebenenfalls biometrischen Daten an die Kontakte \u00fcbergeben, die Sie in der Applikation bestimmen.<\/p>\n\n<p>Die \u00dcbergabe der Daten erfolgt auf der Grundlage Ihres Einverst\u00e4ndnisses und Ihrer Anweisung, die Sie uns unter Verwendung der entsprechenden Funktion der Teilung ausgew\u00e4hlter Daten mit dritten Seiten erteilen. Hier\u00fcber werden Sie in der Applikation deutlich informiert. Der Verantwortliche tr\u00e4gt keine Verantwortung f\u00fcr die Verarbeitung durch den von Ihnen gew\u00e4hlten Empf\u00e4nger dieser Daten. Wegen des Fehlens eines Beschlusses \u00fcber einen angemessenen Schutz und geeignete Garantien im Sinne der DSGVO ist eine solche \u00dcbergabe risikobelastet und muss keinen ausreichenden Schutz f\u00fcr Ihre personenbezogenen Daten bieten. Wenn Sie einen Export Ihrer Daten an einen Empf\u00e4nger aus einem dritten Land au\u00dferhalb des Europ\u00e4ischen Wirtschaftsraums w\u00e4hlen, wird von Ihnen vor der \u00dcbergabe ein ausdr\u00fcckliches Einverst\u00e4ndnis gefordert.<\/p>\n\n<p>Wollen Sie eine Trasse aus Ihrer Bibliothek \u00fcber die Web-Seiten teilen, erhalten Sie zun\u00e4chst die Auswahl, ob Sie auch Ihre grundlegenden Identifikationsdaten (Vor- und Zuname, E-Mail-Adresse und eventuell Foto) teilen m\u00f6chten oder nicht. Diese Funktion ist nur f\u00fcr angemeldete Nutzer zug\u00e4nglich.<\/p>\n\n<p>Wenn Sie die Applikationsfunktion Live Tracking dazu nutzen wollen, Ihren aktuellen Standort einer \u00f6ffentlichen Gruppe mitzuteilen, so wird Ihr Benutzername und der aktuelle geografische Standort \u00f6ffentlich allen Personen auf den Web-Seiten und in der Applikation Locus Map mitgeteilt. Der Verantwortliche blockiert nicht einseitig den Zutritt auf die Web-Seiten aus anderen L\u00e4ndern, auch nicht aus L\u00e4ndern au\u00dferhalb der Europ\u00e4ischen Union. Die Wahl zwischen einem privaten und einem \u00f6ffentlichen Teilen Ihres aktuellen Standorts in Echtzeit haben Sie direkt in der Applikation.<\/p>\n\n<p>Das Teilen von Namen und Lokalisationsdaten im Rahmen der Funktion Live Tracking erfolgt nur nach Aktivierung der Funktion Live Tracking in der Applikation und dauert solang, bis Sie diese Funktion selbst deaktivieren oder die Applikation auf Ihrem Ger\u00e4t beenden. Die Tatsache, dass die Funktion Live Tracking aktiviert ist und Ihr Name und aktueller Standort zum aktuellen Zeitpunkt aktiv geteilt wird, zeigt Ihnen die Applikation durch eine Ikone von kreisenden Pfeilen in der Systemleiste Ihres Ger\u00e4ts an.<\/p>\n\n<p><p id=\"welche_rechte_haben_sie\" class=\"sectionedit8\"><strong>Welche Rechte haben Sie?<\/strong><\/p><\/p>\n\n<p>Gem\u00e4\u00df DSGVO haben Sie die folgenden Rechte:<\/p>\n\n<ul class=\"wp-block-list\">\n<li>das Recht, von dem f\u00fcr die Verarbeitung Verantwortlichen den Zugang zu personenbezogenen Daten gem\u00e4\u00df Artikel 15 DSGVO zu verlangen<\/li>\n\n\n\n<li>das Recht, die Berichtigung personenbezogener Daten gem\u00e4\u00df Artikel 16 DSGVO zu verlangen<\/li>\n\n\n\n<li>das Recht, die L\u00f6schung unrechtm\u00e4\u00dfig verarbeiteter personenbezogener Daten gem\u00e4\u00df Artikel 17 DSGVO zu verlangen<\/li>\n\n\n\n<li>das Recht, die Einschr\u00e4nkung der Verarbeitung personenbezogener Daten unter den in Artikel 18 DSGVO festgelegten Bedingungen zu verlangen <\/li>\n\n\n\n<li>das Recht auf \u00dcbertragbarkeit personenbezogener Daten gem\u00e4\u00df Artikel 20 DSGVO<\/li>\n\n\n\n<li>Widerspruchsrecht gegen die Verarbeitung der personenbezogenen Daten gem\u00e4\u00df Artikel 21 DSGVO<\/li>\n<\/ul>\n\n<p>Der Verantwortliche informiert Sie hiermit, dass es keine automatisierte Entscheidungsfindung auf der Grundlage der oben angef\u00fchrten personenbezogenen Daten im Sinne der DSGVO geben wird.<\/p>\n\n<p>Sie haben ebenfalls das Recht, jederzeit Einspruch gegen die Verarbeitung der personenbezogenen Daten, einschlie\u00dflich eines eventuellen Profiling, aus Gr\u00fcnden zu erheben, die Ihre konkrete Situation betreffen. Das jederzeitige Einspruchsrecht aus Gr\u00fcnden, die Ihre konkrete Situation betreffen, besitzen Sie auch im Falle der Verarbeitung der personenbezogenen Daten f\u00fcr Zwecke des Direktmarketings, einschlie\u00dflich eines eventuellen hiermit zusammenh\u00e4ngenden Profiling.<\/p>\n\n<p>Wenn die Verarbeitung Ihrer personenbezogenen Daten eine Bestimmung der DSGVO verletzt, k\u00f6nnen Sie sich an den Verantwortliche wenden, damit dieser die Sache berichtigt. Weiter haben Sie die M\u00f6glichkeit, sich an das Kontrollorgan zu wenden, n\u00e4mlich an das Amt zum Schutz personenbezogener Daten, mit Sitz Pplk. Sochora 27, 170 00 Praha 7.<\/p>\n\n<p>Der Verantwortliche kann diese Grunds\u00e4tze im Bedarfsfall aktualisieren. \u00dcber die Aktualisierung dieser Grunds\u00e4tze werden wir Sie durch Zusendung einer Nachricht an die E-Mail-Adresse informieren, die Sie bei der Registrierung Ihres Benutzerkontos in der Applikation oder durch Mitteilungen im Rahmen der Applikation angegeben haben.<\/p>\n\n<p><strong>Wie kann ich die L\u00f6schung personenbezogener Daten beantragen?<\/strong><\/p>\n\n<p>Sie k\u00f6nnen die L\u00f6schung all Ihrer pers\u00f6nlichen Daten beantragen, einschlie\u00dflich Ihres Kontos und Ihrer Bibliothek von Titeln und Benutzerpunkten:<\/p>\n\n<ul class=\"wp-block-list\">\n<li>durch Beantragung der Kontol\u00f6schung in Ihrem Benutzerprofil in der Locus Map Anwendung oder unter <a href=\"http:\/\/web.locusmap.app\">web.locusmap.app<\/a><\/li>\n\n\n\n<li>indem Sie einen solchen Antrag an <a href=\"mailto:locus.map@asamm.com\">locus.map@asamm.com<\/a> senden<\/li>\n<\/ul>\n\n<p>Nachdem Sie einen Antrag auf L\u00f6schung gestellt haben, l\u00f6schen wir Ihre personenbezogenen Daten dauerhaft und unwiderruflich aus unseren Systemen. Die auf Ihrem Ger\u00e4t gespeicherten Daten werden entweder durch Deinstallation der Anwendung oder durch L\u00f6schen des Arbeitsverzeichnisses der Locus Map Anwendung gel\u00f6scht. Nach der L\u00f6schung k\u00f6nnen Ihre Daten, einschlie\u00dflich Ihres Kontos, Tracks oder Wegpunkte, die unter dem Konto gespeichert sind, nicht wiederhergestellt werden.<\/p>\n\n<p>Bitte beachten Sie, dass Sie auch einzelne gespeicherte Daten l\u00f6schen k\u00f6nnen, ohne Konten zu l\u00f6schen, wie z.B. Tracks\/Wegpunkte oder hochgeladene Fotos in LoPoints.<\/p>\n<div class=\"clearfix\"><\/div>","protected":false},"excerpt":{"rendered":"<p>Diese Grunds\u00e4tze der Verarbeitung personenbezogener Daten beschreiben in Einklang mit der Verordnung (EU) 2016\/679 des&#8230;<\/p>\n","protected":false},"author":2,"featured_media":0,"parent":0,"menu_order":0,"comment_status":"closed","ping_status":"closed","template":"","meta":{"footnotes":""},"class_list":["post-31835","page","type-page","status-publish","hentry"],"yoast_head":"<!-- This site is optimized with the Yoast SEO plugin v27.4 - https:\/\/yoast.com\/product\/yoast-seo-wordpress\/ -->\n<title>Grunds\u00e4tze der Verarbeitung personenbezogener Daten - Locus Map - Outdoor-Navigations-App<\/title>\n<meta name=\"robots\" content=\"index, follow, max-snippet:-1, max-image-preview:large, max-video-preview:-1\" \/>\n<link rel=\"canonical\" href=\"https:\/\/www.locusmap.app\/de\/privacy\/\" \/>\n<meta property=\"og:locale\" content=\"de_DE\" \/>\n<meta property=\"og:type\" content=\"article\" \/>\n<meta property=\"og:title\" content=\"Grunds\u00e4tze der Verarbeitung personenbezogener Daten - Locus Map - Outdoor-Navigations-App\" \/>\n<meta property=\"og:description\" content=\"Diese Grunds\u00e4tze der Verarbeitung personenbezogener Daten beschreiben in Einklang mit der Verordnung (EU) 2016\/679 des...\" \/>\n<meta property=\"og:url\" content=\"https:\/\/www.locusmap.app\/de\/privacy\/\" \/>\n<meta property=\"og:site_name\" content=\"Locus Map - Outdoor-Navigations-App\" \/>\n<meta property=\"article:publisher\" content=\"https:\/\/www.facebook.com\/locusmap\" \/>\n<meta property=\"article:modified_time\" content=\"2026-03-18T08:08:29+00:00\" \/>\n<meta property=\"og:image\" content=\"https:\/\/www.locusmap.app\/wp-content\/uploads\/2021\/03\/ggplay-screen-lm4.jpg\" \/>\n\t<meta property=\"og:image:width\" content=\"1024\" \/>\n\t<meta property=\"og:image:height\" content=\"500\" \/>\n\t<meta property=\"og:image:type\" content=\"image\/jpeg\" \/>\n<meta name=\"twitter:card\" content=\"summary_large_image\" \/>\n<meta name=\"twitter:label1\" content=\"Gesch\u00e4tzte Lesezeit\" \/>\n\t<meta name=\"twitter:data1\" content=\"9\u00a0Minuten\" \/>\n<script type=\"application\/ld+json\" class=\"yoast-schema-graph\">{\"@context\":\"https:\\\/\\\/schema.org\",\"@graph\":[{\"@type\":\"WebPage\",\"@id\":\"https:\\\/\\\/www.locusmap.app\\\/de\\\/privacy\\\/\",\"url\":\"https:\\\/\\\/www.locusmap.app\\\/de\\\/privacy\\\/\",\"name\":\"Grunds\u00e4tze der Verarbeitung personenbezogener Daten - Locus Map - Outdoor-Navigations-App\",\"isPartOf\":{\"@id\":\"https:\\\/\\\/www.locusmap.app\\\/de\\\/#website\"},\"datePublished\":\"2021-03-08T15:55:35+00:00\",\"dateModified\":\"2026-03-18T08:08:29+00:00\",\"breadcrumb\":{\"@id\":\"https:\\\/\\\/www.locusmap.app\\\/de\\\/privacy\\\/#breadcrumb\"},\"inLanguage\":\"de\",\"potentialAction\":[{\"@type\":\"ReadAction\",\"target\":[\"https:\\\/\\\/www.locusmap.app\\\/de\\\/privacy\\\/\"]}]},{\"@type\":\"BreadcrumbList\",\"@id\":\"https:\\\/\\\/www.locusmap.app\\\/de\\\/privacy\\\/#breadcrumb\",\"itemListElement\":[{\"@type\":\"ListItem\",\"position\":1,\"name\":\"Dom\u016f\",\"item\":\"https:\\\/\\\/www.locusmap.app\\\/de\\\/\"},{\"@type\":\"ListItem\",\"position\":2,\"name\":\"Grunds\u00e4tze der Verarbeitung personenbezogener Daten\"}]},{\"@type\":\"WebSite\",\"@id\":\"https:\\\/\\\/www.locusmap.app\\\/de\\\/#website\",\"url\":\"https:\\\/\\\/www.locusmap.app\\\/de\\\/\",\"name\":\"Locus Map - Outdoor-Navigations-App\",\"description\":\"Multifunktionale mobile Outdoor-Navigations-App zum Wandern, Radfahren, Geocaching, Segeln, Fliegen und f\u00fcr andere Sport- und Reiseaktivit\u00e4ten\",\"publisher\":{\"@id\":\"https:\\\/\\\/www.locusmap.app\\\/de\\\/#organization\"},\"potentialAction\":[{\"@type\":\"SearchAction\",\"target\":{\"@type\":\"EntryPoint\",\"urlTemplate\":\"https:\\\/\\\/www.locusmap.app\\\/de\\\/?s={search_term_string}\"},\"query-input\":{\"@type\":\"PropertyValueSpecification\",\"valueRequired\":true,\"valueName\":\"search_term_string\"}}],\"inLanguage\":\"de\"},{\"@type\":\"Organization\",\"@id\":\"https:\\\/\\\/www.locusmap.app\\\/de\\\/#organization\",\"name\":\"Locus Map - mobile outdoor navigation app\",\"url\":\"https:\\\/\\\/www.locusmap.app\\\/de\\\/\",\"logo\":{\"@type\":\"ImageObject\",\"inLanguage\":\"de\",\"@id\":\"https:\\\/\\\/www.locusmap.app\\\/de\\\/#\\\/schema\\\/logo\\\/image\\\/\",\"url\":\"https:\\\/\\\/www.locusmap.app\\\/wp-content\\\/uploads\\\/2021\\\/03\\\/ggplay-screen-lm4.jpg\",\"contentUrl\":\"https:\\\/\\\/www.locusmap.app\\\/wp-content\\\/uploads\\\/2021\\\/03\\\/ggplay-screen-lm4.jpg\",\"width\":1024,\"height\":500,\"caption\":\"Locus Map - mobile outdoor navigation app\"},\"image\":{\"@id\":\"https:\\\/\\\/www.locusmap.app\\\/de\\\/#\\\/schema\\\/logo\\\/image\\\/\"},\"sameAs\":[\"https:\\\/\\\/www.facebook.com\\\/locusmap\",\"https:\\\/\\\/en.wikipedia.org\\\/wiki\\\/Locus_Map\"]}]}<\/script>\n<!-- \/ Yoast SEO plugin. -->","yoast_head_json":{"title":"Grunds\u00e4tze der Verarbeitung personenbezogener Daten - Locus Map - Outdoor-Navigations-App","robots":{"index":"index","follow":"follow","max-snippet":"max-snippet:-1","max-image-preview":"max-image-preview:large","max-video-preview":"max-video-preview:-1"},"canonical":"https:\/\/www.locusmap.app\/de\/privacy\/","og_locale":"de_DE","og_type":"article","og_title":"Grunds\u00e4tze der Verarbeitung personenbezogener Daten - Locus Map - Outdoor-Navigations-App","og_description":"Diese Grunds\u00e4tze der Verarbeitung personenbezogener Daten beschreiben in Einklang mit der Verordnung (EU) 2016\/679 des...","og_url":"https:\/\/www.locusmap.app\/de\/privacy\/","og_site_name":"Locus Map - Outdoor-Navigations-App","article_publisher":"https:\/\/www.facebook.com\/locusmap","article_modified_time":"2026-03-18T08:08:29+00:00","og_image":[{"width":1024,"height":500,"url":"https:\/\/www.locusmap.app\/wp-content\/uploads\/2021\/03\/ggplay-screen-lm4.jpg","type":"image\/jpeg"}],"twitter_card":"summary_large_image","twitter_misc":{"Gesch\u00e4tzte Lesezeit":"9\u00a0Minuten"},"schema":{"@context":"https:\/\/schema.org","@graph":[{"@type":"WebPage","@id":"https:\/\/www.locusmap.app\/de\/privacy\/","url":"https:\/\/www.locusmap.app\/de\/privacy\/","name":"Grunds\u00e4tze der Verarbeitung personenbezogener Daten - Locus Map - Outdoor-Navigations-App","isPartOf":{"@id":"https:\/\/www.locusmap.app\/de\/#website"},"datePublished":"2021-03-08T15:55:35+00:00","dateModified":"2026-03-18T08:08:29+00:00","breadcrumb":{"@id":"https:\/\/www.locusmap.app\/de\/privacy\/#breadcrumb"},"inLanguage":"de","potentialAction":[{"@type":"ReadAction","target":["https:\/\/www.locusmap.app\/de\/privacy\/"]}]},{"@type":"BreadcrumbList","@id":"https:\/\/www.locusmap.app\/de\/privacy\/#breadcrumb","itemListElement":[{"@type":"ListItem","position":1,"name":"Dom\u016f","item":"https:\/\/www.locusmap.app\/de\/"},{"@type":"ListItem","position":2,"name":"Grunds\u00e4tze der Verarbeitung personenbezogener Daten"}]},{"@type":"WebSite","@id":"https:\/\/www.locusmap.app\/de\/#website","url":"https:\/\/www.locusmap.app\/de\/","name":"Locus Map - Outdoor-Navigations-App","description":"Multifunktionale mobile Outdoor-Navigations-App zum Wandern, Radfahren, Geocaching, Segeln, Fliegen und f\u00fcr andere Sport- und Reiseaktivit\u00e4ten","publisher":{"@id":"https:\/\/www.locusmap.app\/de\/#organization"},"potentialAction":[{"@type":"SearchAction","target":{"@type":"EntryPoint","urlTemplate":"https:\/\/www.locusmap.app\/de\/?s={search_term_string}"},"query-input":{"@type":"PropertyValueSpecification","valueRequired":true,"valueName":"search_term_string"}}],"inLanguage":"de"},{"@type":"Organization","@id":"https:\/\/www.locusmap.app\/de\/#organization","name":"Locus Map - mobile outdoor navigation app","url":"https:\/\/www.locusmap.app\/de\/","logo":{"@type":"ImageObject","inLanguage":"de","@id":"https:\/\/www.locusmap.app\/de\/#\/schema\/logo\/image\/","url":"https:\/\/www.locusmap.app\/wp-content\/uploads\/2021\/03\/ggplay-screen-lm4.jpg","contentUrl":"https:\/\/www.locusmap.app\/wp-content\/uploads\/2021\/03\/ggplay-screen-lm4.jpg","width":1024,"height":500,"caption":"Locus Map - mobile outdoor navigation app"},"image":{"@id":"https:\/\/www.locusmap.app\/de\/#\/schema\/logo\/image\/"},"sameAs":["https:\/\/www.facebook.com\/locusmap","https:\/\/en.wikipedia.org\/wiki\/Locus_Map"]}]}},"_links":{"self":[{"href":"https:\/\/www.locusmap.app\/de\/wp-json\/wp\/v2\/pages\/31835","targetHints":{"allow":["GET"]}}],"collection":[{"href":"https:\/\/www.locusmap.app\/de\/wp-json\/wp\/v2\/pages"}],"about":[{"href":"https:\/\/www.locusmap.app\/de\/wp-json\/wp\/v2\/types\/page"}],"author":[{"embeddable":true,"href":"https:\/\/www.locusmap.app\/de\/wp-json\/wp\/v2\/users\/2"}],"replies":[{"embeddable":true,"href":"https:\/\/www.locusmap.app\/de\/wp-json\/wp\/v2\/comments?post=31835"}],"version-history":[{"count":7,"href":"https:\/\/www.locusmap.app\/de\/wp-json\/wp\/v2\/pages\/31835\/revisions"}],"predecessor-version":[{"id":37262,"href":"https:\/\/www.locusmap.app\/de\/wp-json\/wp\/v2\/pages\/31835\/revisions\/37262"}],"wp:attachment":[{"href":"https:\/\/www.locusmap.app\/de\/wp-json\/wp\/v2\/media?parent=31835"}],"curies":[{"name":"wp","href":"https:\/\/api.w.org\/{rel}","templated":true}]}}