{"id":30385,"date":"2020-12-21T15:19:33","date_gmt":"2020-12-21T14:19:33","guid":{"rendered":"https:\/\/www.locusmap.app\/kontaktiere-uns\/"},"modified":"2021-06-16T10:37:03","modified_gmt":"2021-06-16T08:37:03","slug":"kontaktiere-uns","status":"publish","type":"page","link":"https:\/\/www.locusmap.app\/de\/kontaktiere-uns\/","title":{"rendered":"Kontaktiere uns"},"content":{"rendered":"\t\t<div data-elementor-type=\"wp-page\" data-elementor-id=\"30385\" class=\"elementor elementor-30385 elementor-14439\">\n\t\t\t\t\t\t<section class=\"elementor-section elementor-top-section elementor-element elementor-element-13af60b elementor-section-boxed elementor-section-height-default elementor-section-height-default\" data-id=\"13af60b\" data-element_type=\"section\" data-e-type=\"section\" data-settings=\"{&quot;background_background&quot;:&quot;classic&quot;}\">\n\t\t\t\t\t\t\t<div class=\"elementor-background-overlay\"><\/div>\n\t\t\t\t\t\t\t<div class=\"elementor-container elementor-column-gap-default\">\n\t\t\t\t\t<div class=\"elementor-column elementor-col-100 elementor-top-column elementor-element elementor-element-1743755b\" data-id=\"1743755b\" data-element_type=\"column\" data-e-type=\"column\">\n\t\t\t<div class=\"elementor-widget-wrap elementor-element-populated\">\n\t\t\t\t\t\t<div class=\"elementor-element elementor-element-a8ee63a elementor-widget elementor-widget-heading\" data-id=\"a8ee63a\" data-element_type=\"widget\" data-e-type=\"widget\" data-widget_type=\"heading.default\">\n\t\t\t\t<div class=\"elementor-widget-container\">\n\t\t\t\t\t<h2 class=\"elementor-heading-title elementor-size-default\">Kontaktiere uns<\/h2>\t\t\t\t<\/div>\n\t\t\t\t<\/div>\n\t\t\t\t<div class=\"elementor-element elementor-element-1f03689 elementor-list-item-link-inline elementor-align-center signboard elementor-widget__width-auto elementor-icon-list--layout-traditional elementor-widget elementor-widget-icon-list\" data-id=\"1f03689\" data-element_type=\"widget\" data-e-type=\"widget\" data-widget_type=\"icon-list.default\">\n\t\t\t\t<div class=\"elementor-widget-container\">\n\t\t\t\t\t\t\t<ul class=\"elementor-icon-list-items\">\n\t\t\t\t\t\t\t<li class=\"elementor-icon-list-item\">\n\t\t\t\t\t\t\t\t\t\t\t<a href=\"http:\/\/docs.locusmap.eu\/\">\n\n\t\t\t\t\t\t\t\t\t\t\t<span class=\"elementor-icon-list-text\">Wie arbeite ich mit Locus?<\/span>\n\t\t\t\t\t\t\t\t\t\t\t<\/a>\n\t\t\t\t\t\t\t\t\t<\/li>\n\t\t\t\t\t\t\t\t<li class=\"elementor-icon-list-item\">\n\t\t\t\t\t\t\t\t\t\t\t<a href=\"http:\/\/help.locusmap.eu\/\">\n\n\t\t\t\t\t\t\t\t\t\t\t<span class=\"elementor-icon-list-text\">Ben\u00f6tigen Sie Hilfe mit einem Problem?<\/span>\n\t\t\t\t\t\t\t\t\t\t\t<\/a>\n\t\t\t\t\t\t\t\t\t<\/li>\n\t\t\t\t\t\t\t\t<li class=\"elementor-icon-list-item\">\n\t\t\t\t\t\t\t\t\t\t\t<a href=\"https:\/\/www.locusmap.app\/de\/unterstuetzung-von-rettungsdiensten\/\">\n\n\t\t\t\t\t\t\t\t\t\t\t<span class=\"elementor-icon-list-text\">Unterst\u00fctzung f\u00fcr Such- und Rettungsteams<\/span>\n\t\t\t\t\t\t\t\t\t\t\t<\/a>\n\t\t\t\t\t\t\t\t\t<\/li>\n\t\t\t\t\t\t\t\t<li class=\"elementor-icon-list-item\">\n\t\t\t\t\t\t\t\t\t\t\t<a href=\"mailto:locus.map@asamm.com\">\n\n\t\t\t\t\t\t\t\t\t\t\t<span class=\"elementor-icon-list-text\">Sonstige Fragen?<\/span>\n\t\t\t\t\t\t\t\t\t\t\t<\/a>\n\t\t\t\t\t\t\t\t\t<\/li>\n\t\t\t\t\t\t<\/ul>\n\t\t\t\t\t\t<\/div>\n\t\t\t\t<\/div>\n\t\t\t\t\t<\/div>\n\t\t<\/div>\n\t\t\t\t\t<\/div>\n\t\t<\/section>\n\t\t\t\t<\/div>\n\t\t<div class=\"clearfix\"><\/div>","protected":false},"excerpt":{"rendered":"<p>Kontaktiere uns Wie arbeite ich mit Locus? Ben\u00f6tigen Sie Hilfe mit einem Problem? Unterst\u00fctzung f\u00fcr&#8230;<\/p>\n","protected":false},"author":1,"featured_media":0,"parent":0,"menu_order":0,"comment_status":"closed","ping_status":"closed","template":"elementor_header_footer","meta":{"footnotes":""},"class_list":["post-30385","page","type-page","status-publish","hentry"],"yoast_head":"<!-- This site is optimized with the Yoast SEO plugin v27.5 - https:\/\/yoast.com\/product\/yoast-seo-wordpress\/ -->\n<title>Kontaktiere uns - Locus Map - Outdoor-Navigations-App<\/title>\n<meta name=\"robots\" content=\"index, follow, max-snippet:-1, max-image-preview:large, max-video-preview:-1\" \/>\n<link rel=\"canonical\" href=\"https:\/\/www.locusmap.app\/de\/kontaktiere-uns\/\" \/>\n<meta property=\"og:locale\" content=\"de_DE\" \/>\n<meta property=\"og:type\" content=\"article\" \/>\n<meta property=\"og:title\" content=\"Kontaktiere uns - Locus Map - Outdoor-Navigations-App\" \/>\n<meta property=\"og:description\" content=\"Kontaktiere uns Wie arbeite ich mit Locus? Ben\u00f6tigen Sie Hilfe mit einem Problem? Unterst\u00fctzung f\u00fcr...\" \/>\n<meta property=\"og:url\" content=\"https:\/\/www.locusmap.app\/de\/kontaktiere-uns\/\" \/>\n<meta property=\"og:site_name\" content=\"Locus Map - Outdoor-Navigations-App\" \/>\n<meta property=\"article:publisher\" content=\"https:\/\/www.facebook.com\/locusmap\" \/>\n<meta property=\"article:modified_time\" content=\"2021-06-16T08:37:03+00:00\" \/>\n<meta property=\"og:image\" content=\"https:\/\/www.locusmap.app\/wp-content\/uploads\/2021\/04\/ggplay-screen-lm4-DE.jpg\" \/>\n\t<meta property=\"og:image:width\" content=\"1024\" \/>\n\t<meta property=\"og:image:height\" content=\"500\" \/>\n\t<meta property=\"og:image:type\" content=\"image\/jpeg\" \/>\n<meta name=\"twitter:card\" content=\"summary_large_image\" \/>\n<meta name=\"twitter:label1\" content=\"Gesch\u00e4tzte Lesezeit\" \/>\n\t<meta name=\"twitter:data1\" content=\"1\u00a0Minute\" \/>\n<script type=\"application\/ld+json\" class=\"yoast-schema-graph\">{\"@context\":\"https:\\\/\\\/schema.org\",\"@graph\":[{\"@type\":\"WebPage\",\"@id\":\"https:\\\/\\\/www.locusmap.app\\\/de\\\/kontaktiere-uns\\\/\",\"url\":\"https:\\\/\\\/www.locusmap.app\\\/de\\\/kontaktiere-uns\\\/\",\"name\":\"Kontaktiere uns - Locus Map - Outdoor-Navigations-App\",\"isPartOf\":{\"@id\":\"https:\\\/\\\/www.locusmap.app\\\/de\\\/#website\"},\"datePublished\":\"2020-12-21T14:19:33+00:00\",\"dateModified\":\"2021-06-16T08:37:03+00:00\",\"breadcrumb\":{\"@id\":\"https:\\\/\\\/www.locusmap.app\\\/de\\\/kontaktiere-uns\\\/#breadcrumb\"},\"inLanguage\":\"de\",\"potentialAction\":[{\"@type\":\"ReadAction\",\"target\":[\"https:\\\/\\\/www.locusmap.app\\\/de\\\/kontaktiere-uns\\\/\"]}]},{\"@type\":\"BreadcrumbList\",\"@id\":\"https:\\\/\\\/www.locusmap.app\\\/de\\\/kontaktiere-uns\\\/#breadcrumb\",\"itemListElement\":[{\"@type\":\"ListItem\",\"position\":1,\"name\":\"Dom\u016f\",\"item\":\"https:\\\/\\\/www.locusmap.app\\\/de\\\/\"},{\"@type\":\"ListItem\",\"position\":2,\"name\":\"Kontaktiere uns\"}]},{\"@type\":\"WebSite\",\"@id\":\"https:\\\/\\\/www.locusmap.app\\\/de\\\/#website\",\"url\":\"https:\\\/\\\/www.locusmap.app\\\/de\\\/\",\"name\":\"Locus Map - Outdoor-Navigations-App\",\"description\":\"Multifunktionale mobile Outdoor-Navigations-App zum Wandern, Radfahren, Geocaching, Segeln, Fliegen und f\u00fcr andere Sport- und Reiseaktivit\u00e4ten\",\"publisher\":{\"@id\":\"https:\\\/\\\/www.locusmap.app\\\/de\\\/#organization\"},\"potentialAction\":[{\"@type\":\"SearchAction\",\"target\":{\"@type\":\"EntryPoint\",\"urlTemplate\":\"https:\\\/\\\/www.locusmap.app\\\/de\\\/?s={search_term_string}\"},\"query-input\":{\"@type\":\"PropertyValueSpecification\",\"valueRequired\":true,\"valueName\":\"search_term_string\"}}],\"inLanguage\":\"de\"},{\"@type\":\"Organization\",\"@id\":\"https:\\\/\\\/www.locusmap.app\\\/de\\\/#organization\",\"name\":\"Locus Map - mobile outdoor navigation app\",\"url\":\"https:\\\/\\\/www.locusmap.app\\\/de\\\/\",\"logo\":{\"@type\":\"ImageObject\",\"inLanguage\":\"de\",\"@id\":\"https:\\\/\\\/www.locusmap.app\\\/de\\\/#\\\/schema\\\/logo\\\/image\\\/\",\"url\":\"https:\\\/\\\/www.locusmap.app\\\/wp-content\\\/uploads\\\/2021\\\/03\\\/ggplay-screen-lm4.jpg\",\"contentUrl\":\"https:\\\/\\\/www.locusmap.app\\\/wp-content\\\/uploads\\\/2021\\\/03\\\/ggplay-screen-lm4.jpg\",\"width\":1024,\"height\":500,\"caption\":\"Locus Map - mobile outdoor navigation app\"},\"image\":{\"@id\":\"https:\\\/\\\/www.locusmap.app\\\/de\\\/#\\\/schema\\\/logo\\\/image\\\/\"},\"sameAs\":[\"https:\\\/\\\/www.facebook.com\\\/locusmap\",\"https:\\\/\\\/en.wikipedia.org\\\/wiki\\\/Locus_Map\"]}]}<\/script>\n<!-- \/ Yoast SEO plugin. -->","yoast_head_json":{"title":"Kontaktiere uns - Locus Map - Outdoor-Navigations-App","robots":{"index":"index","follow":"follow","max-snippet":"max-snippet:-1","max-image-preview":"max-image-preview:large","max-video-preview":"max-video-preview:-1"},"canonical":"https:\/\/www.locusmap.app\/de\/kontaktiere-uns\/","og_locale":"de_DE","og_type":"article","og_title":"Kontaktiere uns - Locus Map - Outdoor-Navigations-App","og_description":"Kontaktiere uns Wie arbeite ich mit Locus? Ben\u00f6tigen Sie Hilfe mit einem Problem? Unterst\u00fctzung f\u00fcr...","og_url":"https:\/\/www.locusmap.app\/de\/kontaktiere-uns\/","og_site_name":"Locus Map - Outdoor-Navigations-App","article_publisher":"https:\/\/www.facebook.com\/locusmap","article_modified_time":"2021-06-16T08:37:03+00:00","og_image":[{"width":1024,"height":500,"url":"https:\/\/www.locusmap.app\/wp-content\/uploads\/2021\/04\/ggplay-screen-lm4-DE.jpg","type":"image\/jpeg"}],"twitter_card":"summary_large_image","twitter_misc":{"Gesch\u00e4tzte Lesezeit":"1\u00a0Minute"},"schema":{"@context":"https:\/\/schema.org","@graph":[{"@type":"WebPage","@id":"https:\/\/www.locusmap.app\/de\/kontaktiere-uns\/","url":"https:\/\/www.locusmap.app\/de\/kontaktiere-uns\/","name":"Kontaktiere uns - Locus Map - Outdoor-Navigations-App","isPartOf":{"@id":"https:\/\/www.locusmap.app\/de\/#website"},"datePublished":"2020-12-21T14:19:33+00:00","dateModified":"2021-06-16T08:37:03+00:00","breadcrumb":{"@id":"https:\/\/www.locusmap.app\/de\/kontaktiere-uns\/#breadcrumb"},"inLanguage":"de","potentialAction":[{"@type":"ReadAction","target":["https:\/\/www.locusmap.app\/de\/kontaktiere-uns\/"]}]},{"@type":"BreadcrumbList","@id":"https:\/\/www.locusmap.app\/de\/kontaktiere-uns\/#breadcrumb","itemListElement":[{"@type":"ListItem","position":1,"name":"Dom\u016f","item":"https:\/\/www.locusmap.app\/de\/"},{"@type":"ListItem","position":2,"name":"Kontaktiere uns"}]},{"@type":"WebSite","@id":"https:\/\/www.locusmap.app\/de\/#website","url":"https:\/\/www.locusmap.app\/de\/","name":"Locus Map - Outdoor-Navigations-App","description":"Multifunktionale mobile Outdoor-Navigations-App zum Wandern, Radfahren, Geocaching, Segeln, Fliegen und f\u00fcr andere Sport- und Reiseaktivit\u00e4ten","publisher":{"@id":"https:\/\/www.locusmap.app\/de\/#organization"},"potentialAction":[{"@type":"SearchAction","target":{"@type":"EntryPoint","urlTemplate":"https:\/\/www.locusmap.app\/de\/?s={search_term_string}"},"query-input":{"@type":"PropertyValueSpecification","valueRequired":true,"valueName":"search_term_string"}}],"inLanguage":"de"},{"@type":"Organization","@id":"https:\/\/www.locusmap.app\/de\/#organization","name":"Locus Map - mobile outdoor navigation app","url":"https:\/\/www.locusmap.app\/de\/","logo":{"@type":"ImageObject","inLanguage":"de","@id":"https:\/\/www.locusmap.app\/de\/#\/schema\/logo\/image\/","url":"https:\/\/www.locusmap.app\/wp-content\/uploads\/2021\/03\/ggplay-screen-lm4.jpg","contentUrl":"https:\/\/www.locusmap.app\/wp-content\/uploads\/2021\/03\/ggplay-screen-lm4.jpg","width":1024,"height":500,"caption":"Locus Map - mobile outdoor navigation app"},"image":{"@id":"https:\/\/www.locusmap.app\/de\/#\/schema\/logo\/image\/"},"sameAs":["https:\/\/www.facebook.com\/locusmap","https:\/\/en.wikipedia.org\/wiki\/Locus_Map"]}]}},"_links":{"self":[{"href":"https:\/\/www.locusmap.app\/de\/wp-json\/wp\/v2\/pages\/30385","targetHints":{"allow":["GET"]}}],"collection":[{"href":"https:\/\/www.locusmap.app\/de\/wp-json\/wp\/v2\/pages"}],"about":[{"href":"https:\/\/www.locusmap.app\/de\/wp-json\/wp\/v2\/types\/page"}],"author":[{"embeddable":true,"href":"https:\/\/www.locusmap.app\/de\/wp-json\/wp\/v2\/users\/1"}],"replies":[{"embeddable":true,"href":"https:\/\/www.locusmap.app\/de\/wp-json\/wp\/v2\/comments?post=30385"}],"version-history":[{"count":8,"href":"https:\/\/www.locusmap.app\/de\/wp-json\/wp\/v2\/pages\/30385\/revisions"}],"predecessor-version":[{"id":32866,"href":"https:\/\/www.locusmap.app\/de\/wp-json\/wp\/v2\/pages\/30385\/revisions\/32866"}],"wp:attachment":[{"href":"https:\/\/www.locusmap.app\/de\/wp-json\/wp\/v2\/media?parent=30385"}],"curies":[{"name":"wp","href":"https:\/\/api.w.org\/{rel}","templated":true}]}}