{"id":34090,"date":"2022-11-10T16:37:53","date_gmt":"2022-11-10T15:37:53","guid":{"rendered":"https:\/\/www.locusmap.app\/fotky-k-lopointum-doporucena-praxe\/"},"modified":"2022-11-11T09:43:36","modified_gmt":"2022-11-11T08:43:36","slug":"fotky-k-lopointum-doporucena-praxe","status":"publish","type":"page","link":"https:\/\/www.locusmap.app\/cs\/fotky-k-lopointum-doporucena-praxe\/","title":{"rendered":"Fotky k LoPoint\u016fm &#8211; doporu\u010den\u00e1 praxe"},"content":{"rendered":"\n<p>D\u011bkujeme, \u017ee jste se rozhodli pomoci ostatn\u00edm turist\u016fm, cyklist\u016fm, cestovatel\u016fm a dal\u0161\u00edm poutn\u00edk\u016fm p\u0159i pozn\u00e1v\u00e1n\u00ed zaj\u00edmav\u00fdch m\u00edst prost\u0159ednictv\u00edm va\u0161ich fotografi\u00ed. Ty by je m\u011bly prim\u00e1rn\u011b inspirovat p\u0159i rozhodov\u00e1n\u00ed, zda stoj\u00ed m\u00edsto nav\u0161t\u00edvit. Zde se v\u00e1m pokus\u00edme nast\u00ednit, kter\u00e9 fotografie jsou k tomuto \u00fa\u010delu vhodn\u00e9 a kter\u00e9 naopak ne. <\/p>\n\n<h2 class=\"wp-block-heading\">Kter\u00e9 fotky pom\u00e1haj\u00ed nejl\u00e9pe?<\/h2>\n\n<ul class=\"wp-block-list\"><li><span style=\"font-weight: 400;\">Ty, kter\u00e9 <\/span><b>p\u0159esn\u011b zachycuj\u00ed<\/b> <b>objekt<\/b><span style=\"font-weight: 400;\"> nebo m\u00edsto na map\u011b zobrazen\u00e9 jako LoPoint<\/span><\/li><li><span style=\"font-weight: 400;\">Ty, kter\u00e9 zachycuj\u00ed <\/span><b>v\u0161e zaj\u00edmav\u00e9 ohledn\u011b m\u00edsta<\/b><span style=\"font-weight: 400;\"> &#8211; nap\u0159. rozhlednu i v\u00fdhled z n\u00ed<\/span><\/li><li><span style=\"font-weight: 400;\">V p\u0159\u00edpad\u011b pot\u0159eby dopl\u0148uj\u00edc\u00ed pohledy z <\/span><b>jin\u00fdch \u00fahl\u016f <\/b><span style=\"font-weight: 400;\">(maxim\u00e1ln\u011b 4 fota)<\/span><\/li><li><b>Detail<\/b><span style=\"font-weight: 400;\"> LoPointu, pokud je pro n\u011bj <\/span><b>relevantn\u00ed<\/b><span style=\"font-weight: 400;\">. Nap\u0159. pro infotabuli jej\u00ed \u010diteln\u00fd n\u00e1hled, pro restauraci foto menu apod. \u010c\u00edm v\u00edce informac\u00ed fotka obsahuje, t\u00edm l\u00e9pe.<\/span><\/li><li><b>V\u00fdhled p\u0159esn\u011b z m\u00edsta LoPointu<\/b><span style=\"font-weight: 400;\">, pokud je pro dan\u00fd objekt <\/span><b>relevantn\u00ed<\/b><span style=\"font-weight: 400;\">. Typick\u00fdm p\u0159\u00edkladem jsou rozhledny a vyhl\u00eddky. Samoz\u0159ejm\u011b i v\u00fdhledy do r\u016fzn\u00fdch stran. <\/span><\/li><\/ul>\n\n<p><b>Ct\u00edme ov\u0161em pravidlo, \u017ee v\u017edy je lep\u0161\u00ed m\u00e9n\u011b kvalitn\u00ed, ne\u017e \u017e\u00e1dn\u00e1 fotka!<\/b><\/p>\n\n<p><\/p>\n\n<h2 class=\"wp-block-heading\">Kter\u00e9 fotky neakceptujeme?<\/h2>\n\n<ul class=\"wp-block-list\"><li>Zobrazuj\u00edc\u00ed rozeznateln\u00e9 lidsk\u00e9 tv\u00e1\u0159e<\/li><li>Zachycuj\u00edc\u00ed osoby, zab\u00edraj\u00edc\u00ed v\u00fdznamnou \u010d\u00e1st fotky<\/li><li>Fotky \u0161patn\u00e9 technick\u00e9 kvality \u2013 rozmazan\u00e9, p\u0159\u00edli\u0161 mal\u00e9 rozli\u0161en\u00ed, p\u0159\u00edli\u0161 tmav\u00e9, sv\u011btl\u00e9\u2026<\/li><li>Fotky nesouvisej\u00edc\u00ed s dan\u00fdm m\u00edstem nebo jinak irelevantn\u00ed. <\/li><li>Fotky s v\u00fdhledy, kter\u00e9 nejsou po\u0159\u00edzeny p\u0159\u00edmo od samotn\u00e9ho bodu z\u00e1jmu<\/li><li>Fotky s dodate\u010dn\u011b p\u0159idan\u00fdmi prvky jako nap\u0159. r\u00e1me\u010dky, texty apod. <\/li><li>Fotky obsahuj\u00edc\u00ed loga, vodoznaky a jin\u00e1 reklamn\u00ed sd\u011blen\u00ed<\/li><li>Zobrazuj\u00edc\u00ed n\u00e1sil\u00ed, rasismus, politiku, memy, vulgarity a jin\u00e9 nechutnosti<\/li><\/ul>\n\n<h2 class=\"wp-block-heading\">P\u0159\u00edklady dobr\u00e9 a \u0161patn\u00e9 praxe<\/h2>\n\n<h4 class=\"wp-block-heading\">DOBR\u00c1<\/h4>\n\n<figure class=\"wp-block-image\"><img decoding=\"async\" src=\"https:\/\/lh4.googleusercontent.com\/3EBrc9ud93Xdck_w85zgpjebcKu-0EJQy3JnK48lx1Fbp7vxHbIwgUiDiusFwBItKYghIbAHmAspc1tuOpx1otvgNU3I0-efvZoyV3GFZgOh5a-LyDJ44uXSy33jTpAa5DVZrhpgMvDOnL7pA4HDFPGfa3HNsL3WC1sIBSrzgLippl_ZSi9eVlBmvVK__g\" alt=\"\"\/><figcaption>P\u0159\u00edst\u0159e\u0161ek obsazen\u00fd lidmi je OK, pokud nen\u00ed vid\u011bt tv\u00e1\u0159e<\/figcaption><\/figure>\n\n<p><\/p>\n\n<h4 class=\"wp-block-heading\">\u0160PATN\u00c1<\/h4>\n\n<figure class=\"wp-block-image\"><img decoding=\"async\" src=\"https:\/\/lh5.googleusercontent.com\/7hu9dLmXbAUEV03-gxriPpQ2tlA5veq2icdYQQmnp8ikxj4bTZ3erqRMfyu1qzbm5EFFYKlilhxF3FVmfVM-nwB36fTEz8Rf9_fN6IegUQ5vuJ-0V574uI9_GFeNmmdouejHkWQYTXX3P1USLMfvGMjO9NnVnfm4gsriMrpyDu4f2iYh2EXMavVUmv20Vw\" alt=\"\"\/><figcaption>Fotka d\u011btsk\u00e9ho h\u0159i\u0161t\u011b by byla OK, pokud by nezobrazovala rozeznateln\u00e9 tv\u00e1\u0159e<\/figcaption><\/figure>\n\n<p><\/p>\n\n<h4 class=\"wp-block-heading\">DOBR\u00c1<\/h4>\n\n<figure class=\"wp-block-image\"><img decoding=\"async\" src=\"https:\/\/lh3.googleusercontent.com\/BW3VCuvXLghmFWrDcnp0UJcsocYBajygPJBVcqouu6BrZ2yKP8-BZtA5zp8159tQD8FOm0H0AS8M4N_e3ZAopLtumtmqb4yw88fVeVBp8_fc3KqJn41Hy4c9b8fcnIF1tsrgpflEXIRfUkh7JhUahe5lyupF_pu6zkMt-TNrf7ZUF0CXDBJblD-lGN2JIw\" alt=\"\"\/><figcaption>\u010citeln\u00fd detail parkovac\u00edho automatu zobrazuje p\u0159i rozkliknut\u00ed spoustu u\u017eite\u010dn\u00fdch informac\u00ed<\/figcaption><\/figure>\n\n<p><\/p>\n\n<h4 class=\"wp-block-heading\">\u0160PATN\u00c1<\/h4>\n\n<figure class=\"wp-block-image\"><img decoding=\"async\" src=\"https:\/\/lh6.googleusercontent.com\/QBY243hn8s_fATj6ClHF0hBLOrDuj9tpM8tkJX8t5XhuWDtm34xvdaifTF614AoGnuzxivClzY0pxPloQARQ2xZgfXlIOo5Wtip_GpE80Nq6J_QUWtWsKYQDxRjO3ProAXUnWt97xqbDfqRVBqVoMkGdrRX_oFc015z_4hrCwxHyMEFAwzywFmch6w84DA\" alt=\"\"\/><figcaption>Tahle tabule n\u00e1m toho naopak moc o \u010dajovn\u011b ne\u0159ekne, nav\u00edc otev\u00edrac\u00ed doba b\u00fdv\u00e1 \u010dasto uvedena p\u0159\u00edmo v detailu m\u00edsta.<\/figcaption><\/figure>\n\n<p><\/p>\n\n<h4 class=\"wp-block-heading\">DOBR\u00c1<\/h4>\n\n<figure class=\"wp-block-image\"><img decoding=\"async\" src=\"https:\/\/lh5.googleusercontent.com\/gq_UN4xBkGLtZ2jfhpRRSp84maZOKX644OIudNjyly-Ng2rixR1Nhsy4fHbBkfSOob2zyiT3dEebAiMQsrZyb5q_OTX09bBgwOOkk7qUoyiHSrib3O0QN4xT3C_HROGVVLoPxsjC31lNlNxupKkjofeiORm2b2q4rqpDxU0WbWuB1gE1qJhwfOCC_fgQnQ\" alt=\"\"\/><figcaption>Tady je jasn\u00e9, \u017ee jde o v\u00fdhled z rozhledny<\/figcaption><\/figure>\n\n<p><\/p>\n\n<h4 class=\"wp-block-heading\">\u0160PATN\u00c1<\/h4>\n\n<figure class=\"wp-block-image\"><img decoding=\"async\" src=\"https:\/\/lh6.googleusercontent.com\/X2QZWeZxqWRkhBDyY3chVLp44aohUyFJhN_tyNfNssuS5sRnsVyh6Nb31nSndemZXSPbYWVUeI5mfUk9Ulj6qPZ2aqJ2XUbkW82o65OmYuwrHCecBqEWcsBSvnnbAkv4HCKqX9702w5nZW5BhLT9Cg9LefWx5X6v3Njtml8WCV-Oev_joO65P7mIMEYfbw\" alt=\"\"\/><figcaption>Tento pomn\u00edk sice le\u017e\u00ed nedaleko knihovny, ke kter\u00e9 byl p\u0159i\u0159azen, ale v\u016fbec se j\u00ed v\u00fdznamov\u011b net\u00fdk\u00e1<\/figcaption><\/figure>\n<div class=\"clearfix\"><\/div>","protected":false},"excerpt":{"rendered":"<p>D\u011bkujeme, \u017ee jste se rozhodli pomoci ostatn\u00edm turist\u016fm, cyklist\u016fm, cestovatel\u016fm a dal\u0161\u00edm poutn\u00edk\u016fm p\u0159i pozn\u00e1v\u00e1n\u00ed&#8230;<\/p>\n","protected":false},"author":6,"featured_media":0,"parent":0,"menu_order":0,"comment_status":"closed","ping_status":"closed","template":"","meta":{"footnotes":""},"class_list":["post-34090","page","type-page","status-publish","hentry"],"yoast_head":"<!-- This site is optimized with the Yoast SEO plugin v27.4 - https:\/\/yoast.com\/product\/yoast-seo-wordpress\/ -->\n<title>Fotky k LoPoint\u016fm - doporu\u010den\u00e1 praxe - Locus Map - mobile outdoor navigation app<\/title>\n<meta name=\"robots\" content=\"index, follow, max-snippet:-1, max-image-preview:large, max-video-preview:-1\" \/>\n<link rel=\"canonical\" href=\"https:\/\/www.locusmap.app\/cs\/fotky-k-lopointum-doporucena-praxe\/\" \/>\n<meta property=\"og:locale\" content=\"cs_CZ\" \/>\n<meta property=\"og:type\" content=\"article\" \/>\n<meta property=\"og:title\" content=\"Fotky k LoPoint\u016fm - doporu\u010den\u00e1 praxe - Locus Map - mobile outdoor navigation app\" \/>\n<meta property=\"og:description\" content=\"D\u011bkujeme, \u017ee jste se rozhodli pomoci ostatn\u00edm turist\u016fm, cyklist\u016fm, cestovatel\u016fm a dal\u0161\u00edm poutn\u00edk\u016fm p\u0159i pozn\u00e1v\u00e1n\u00ed...\" \/>\n<meta property=\"og:url\" content=\"https:\/\/www.locusmap.app\/cs\/fotky-k-lopointum-doporucena-praxe\/\" \/>\n<meta property=\"og:site_name\" content=\"Locus Map - mobile outdoor navigation app\" \/>\n<meta property=\"article:publisher\" content=\"https:\/\/www.facebook.com\/locusmap\" \/>\n<meta property=\"article:modified_time\" content=\"2022-11-11T08:43:36+00:00\" \/>\n<meta property=\"og:image\" content=\"https:\/\/lh4.googleusercontent.com\/3EBrc9ud93Xdck_w85zgpjebcKu-0EJQy3JnK48lx1Fbp7vxHbIwgUiDiusFwBItKYghIbAHmAspc1tuOpx1otvgNU3I0-efvZoyV3GFZgOh5a-LyDJ44uXSy33jTpAa5DVZrhpgMvDOnL7pA4HDFPGfa3HNsL3WC1sIBSrzgLippl_ZSi9eVlBmvVK__g\" \/>\n<meta name=\"twitter:card\" content=\"summary_large_image\" \/>\n<meta name=\"twitter:label1\" content=\"Odhadovan\u00e1 doba \u010dten\u00ed\" \/>\n\t<meta name=\"twitter:data1\" content=\"2 minuty\" \/>\n<script type=\"application\/ld+json\" class=\"yoast-schema-graph\">{\"@context\":\"https:\\\/\\\/schema.org\",\"@graph\":[{\"@type\":\"WebPage\",\"@id\":\"https:\\\/\\\/www.locusmap.app\\\/cs\\\/fotky-k-lopointum-doporucena-praxe\\\/\",\"url\":\"https:\\\/\\\/www.locusmap.app\\\/cs\\\/fotky-k-lopointum-doporucena-praxe\\\/\",\"name\":\"Fotky k LoPoint\u016fm - doporu\u010den\u00e1 praxe - Locus Map - mobile outdoor navigation app\",\"isPartOf\":{\"@id\":\"https:\\\/\\\/www.locusmap.app\\\/cs\\\/#website\"},\"primaryImageOfPage\":{\"@id\":\"https:\\\/\\\/www.locusmap.app\\\/cs\\\/fotky-k-lopointum-doporucena-praxe\\\/#primaryimage\"},\"image\":{\"@id\":\"https:\\\/\\\/www.locusmap.app\\\/cs\\\/fotky-k-lopointum-doporucena-praxe\\\/#primaryimage\"},\"thumbnailUrl\":\"https:\\\/\\\/lh4.googleusercontent.com\\\/3EBrc9ud93Xdck_w85zgpjebcKu-0EJQy3JnK48lx1Fbp7vxHbIwgUiDiusFwBItKYghIbAHmAspc1tuOpx1otvgNU3I0-efvZoyV3GFZgOh5a-LyDJ44uXSy33jTpAa5DVZrhpgMvDOnL7pA4HDFPGfa3HNsL3WC1sIBSrzgLippl_ZSi9eVlBmvVK__g\",\"datePublished\":\"2022-11-10T15:37:53+00:00\",\"dateModified\":\"2022-11-11T08:43:36+00:00\",\"breadcrumb\":{\"@id\":\"https:\\\/\\\/www.locusmap.app\\\/cs\\\/fotky-k-lopointum-doporucena-praxe\\\/#breadcrumb\"},\"inLanguage\":\"cs\",\"potentialAction\":[{\"@type\":\"ReadAction\",\"target\":[\"https:\\\/\\\/www.locusmap.app\\\/cs\\\/fotky-k-lopointum-doporucena-praxe\\\/\"]}]},{\"@type\":\"ImageObject\",\"inLanguage\":\"cs\",\"@id\":\"https:\\\/\\\/www.locusmap.app\\\/cs\\\/fotky-k-lopointum-doporucena-praxe\\\/#primaryimage\",\"url\":\"https:\\\/\\\/lh4.googleusercontent.com\\\/3EBrc9ud93Xdck_w85zgpjebcKu-0EJQy3JnK48lx1Fbp7vxHbIwgUiDiusFwBItKYghIbAHmAspc1tuOpx1otvgNU3I0-efvZoyV3GFZgOh5a-LyDJ44uXSy33jTpAa5DVZrhpgMvDOnL7pA4HDFPGfa3HNsL3WC1sIBSrzgLippl_ZSi9eVlBmvVK__g\",\"contentUrl\":\"https:\\\/\\\/lh4.googleusercontent.com\\\/3EBrc9ud93Xdck_w85zgpjebcKu-0EJQy3JnK48lx1Fbp7vxHbIwgUiDiusFwBItKYghIbAHmAspc1tuOpx1otvgNU3I0-efvZoyV3GFZgOh5a-LyDJ44uXSy33jTpAa5DVZrhpgMvDOnL7pA4HDFPGfa3HNsL3WC1sIBSrzgLippl_ZSi9eVlBmvVK__g\"},{\"@type\":\"BreadcrumbList\",\"@id\":\"https:\\\/\\\/www.locusmap.app\\\/cs\\\/fotky-k-lopointum-doporucena-praxe\\\/#breadcrumb\",\"itemListElement\":[{\"@type\":\"ListItem\",\"position\":1,\"name\":\"Dom\u016f\",\"item\":\"https:\\\/\\\/www.locusmap.app\\\/cs\\\/aplikace\\\/\"},{\"@type\":\"ListItem\",\"position\":2,\"name\":\"Fotky k LoPoint\u016fm &#8211; doporu\u010den\u00e1 praxe\"}]},{\"@type\":\"WebSite\",\"@id\":\"https:\\\/\\\/www.locusmap.app\\\/cs\\\/#website\",\"url\":\"https:\\\/\\\/www.locusmap.app\\\/cs\\\/\",\"name\":\"Locus Map - mobile outdoor navigation app\",\"description\":\"Multi-functional mobile outdoor navigation app for hiking, cycling, geocaching, sailing, flying and other sports activities and traveling\",\"publisher\":{\"@id\":\"https:\\\/\\\/www.locusmap.app\\\/cs\\\/#organization\"},\"potentialAction\":[{\"@type\":\"SearchAction\",\"target\":{\"@type\":\"EntryPoint\",\"urlTemplate\":\"https:\\\/\\\/www.locusmap.app\\\/cs\\\/?s={search_term_string}\"},\"query-input\":{\"@type\":\"PropertyValueSpecification\",\"valueRequired\":true,\"valueName\":\"search_term_string\"}}],\"inLanguage\":\"cs\"},{\"@type\":\"Organization\",\"@id\":\"https:\\\/\\\/www.locusmap.app\\\/cs\\\/#organization\",\"name\":\"Locus Map - mobile outdoor navigation app\",\"url\":\"https:\\\/\\\/www.locusmap.app\\\/cs\\\/\",\"logo\":{\"@type\":\"ImageObject\",\"inLanguage\":\"cs\",\"@id\":\"https:\\\/\\\/www.locusmap.app\\\/cs\\\/#\\\/schema\\\/logo\\\/image\\\/\",\"url\":\"https:\\\/\\\/www.locusmap.app\\\/wp-content\\\/uploads\\\/2021\\\/03\\\/ggplay-screen-lm4.jpg\",\"contentUrl\":\"https:\\\/\\\/www.locusmap.app\\\/wp-content\\\/uploads\\\/2021\\\/03\\\/ggplay-screen-lm4.jpg\",\"width\":1024,\"height\":500,\"caption\":\"Locus Map - mobile outdoor navigation app\"},\"image\":{\"@id\":\"https:\\\/\\\/www.locusmap.app\\\/cs\\\/#\\\/schema\\\/logo\\\/image\\\/\"},\"sameAs\":[\"https:\\\/\\\/www.facebook.com\\\/locusmap\",\"https:\\\/\\\/en.wikipedia.org\\\/wiki\\\/Locus_Map\"]}]}<\/script>\n<!-- \/ Yoast SEO plugin. -->","yoast_head_json":{"title":"Fotky k LoPoint\u016fm - doporu\u010den\u00e1 praxe - Locus Map - mobile outdoor navigation app","robots":{"index":"index","follow":"follow","max-snippet":"max-snippet:-1","max-image-preview":"max-image-preview:large","max-video-preview":"max-video-preview:-1"},"canonical":"https:\/\/www.locusmap.app\/cs\/fotky-k-lopointum-doporucena-praxe\/","og_locale":"cs_CZ","og_type":"article","og_title":"Fotky k LoPoint\u016fm - doporu\u010den\u00e1 praxe - Locus Map - mobile outdoor navigation app","og_description":"D\u011bkujeme, \u017ee jste se rozhodli pomoci ostatn\u00edm turist\u016fm, cyklist\u016fm, cestovatel\u016fm a dal\u0161\u00edm poutn\u00edk\u016fm p\u0159i pozn\u00e1v\u00e1n\u00ed...","og_url":"https:\/\/www.locusmap.app\/cs\/fotky-k-lopointum-doporucena-praxe\/","og_site_name":"Locus Map - mobile outdoor navigation app","article_publisher":"https:\/\/www.facebook.com\/locusmap","article_modified_time":"2022-11-11T08:43:36+00:00","og_image":[{"url":"https:\/\/lh4.googleusercontent.com\/3EBrc9ud93Xdck_w85zgpjebcKu-0EJQy3JnK48lx1Fbp7vxHbIwgUiDiusFwBItKYghIbAHmAspc1tuOpx1otvgNU3I0-efvZoyV3GFZgOh5a-LyDJ44uXSy33jTpAa5DVZrhpgMvDOnL7pA4HDFPGfa3HNsL3WC1sIBSrzgLippl_ZSi9eVlBmvVK__g","type":"","width":"","height":""}],"twitter_card":"summary_large_image","twitter_misc":{"Odhadovan\u00e1 doba \u010dten\u00ed":"2 minuty"},"schema":{"@context":"https:\/\/schema.org","@graph":[{"@type":"WebPage","@id":"https:\/\/www.locusmap.app\/cs\/fotky-k-lopointum-doporucena-praxe\/","url":"https:\/\/www.locusmap.app\/cs\/fotky-k-lopointum-doporucena-praxe\/","name":"Fotky k LoPoint\u016fm - doporu\u010den\u00e1 praxe - Locus Map - mobile outdoor navigation app","isPartOf":{"@id":"https:\/\/www.locusmap.app\/cs\/#website"},"primaryImageOfPage":{"@id":"https:\/\/www.locusmap.app\/cs\/fotky-k-lopointum-doporucena-praxe\/#primaryimage"},"image":{"@id":"https:\/\/www.locusmap.app\/cs\/fotky-k-lopointum-doporucena-praxe\/#primaryimage"},"thumbnailUrl":"https:\/\/lh4.googleusercontent.com\/3EBrc9ud93Xdck_w85zgpjebcKu-0EJQy3JnK48lx1Fbp7vxHbIwgUiDiusFwBItKYghIbAHmAspc1tuOpx1otvgNU3I0-efvZoyV3GFZgOh5a-LyDJ44uXSy33jTpAa5DVZrhpgMvDOnL7pA4HDFPGfa3HNsL3WC1sIBSrzgLippl_ZSi9eVlBmvVK__g","datePublished":"2022-11-10T15:37:53+00:00","dateModified":"2022-11-11T08:43:36+00:00","breadcrumb":{"@id":"https:\/\/www.locusmap.app\/cs\/fotky-k-lopointum-doporucena-praxe\/#breadcrumb"},"inLanguage":"cs","potentialAction":[{"@type":"ReadAction","target":["https:\/\/www.locusmap.app\/cs\/fotky-k-lopointum-doporucena-praxe\/"]}]},{"@type":"ImageObject","inLanguage":"cs","@id":"https:\/\/www.locusmap.app\/cs\/fotky-k-lopointum-doporucena-praxe\/#primaryimage","url":"https:\/\/lh4.googleusercontent.com\/3EBrc9ud93Xdck_w85zgpjebcKu-0EJQy3JnK48lx1Fbp7vxHbIwgUiDiusFwBItKYghIbAHmAspc1tuOpx1otvgNU3I0-efvZoyV3GFZgOh5a-LyDJ44uXSy33jTpAa5DVZrhpgMvDOnL7pA4HDFPGfa3HNsL3WC1sIBSrzgLippl_ZSi9eVlBmvVK__g","contentUrl":"https:\/\/lh4.googleusercontent.com\/3EBrc9ud93Xdck_w85zgpjebcKu-0EJQy3JnK48lx1Fbp7vxHbIwgUiDiusFwBItKYghIbAHmAspc1tuOpx1otvgNU3I0-efvZoyV3GFZgOh5a-LyDJ44uXSy33jTpAa5DVZrhpgMvDOnL7pA4HDFPGfa3HNsL3WC1sIBSrzgLippl_ZSi9eVlBmvVK__g"},{"@type":"BreadcrumbList","@id":"https:\/\/www.locusmap.app\/cs\/fotky-k-lopointum-doporucena-praxe\/#breadcrumb","itemListElement":[{"@type":"ListItem","position":1,"name":"Dom\u016f","item":"https:\/\/www.locusmap.app\/cs\/aplikace\/"},{"@type":"ListItem","position":2,"name":"Fotky k LoPoint\u016fm &#8211; doporu\u010den\u00e1 praxe"}]},{"@type":"WebSite","@id":"https:\/\/www.locusmap.app\/cs\/#website","url":"https:\/\/www.locusmap.app\/cs\/","name":"Locus Map - mobile outdoor navigation app","description":"Multi-functional mobile outdoor navigation app for hiking, cycling, geocaching, sailing, flying and other sports activities and traveling","publisher":{"@id":"https:\/\/www.locusmap.app\/cs\/#organization"},"potentialAction":[{"@type":"SearchAction","target":{"@type":"EntryPoint","urlTemplate":"https:\/\/www.locusmap.app\/cs\/?s={search_term_string}"},"query-input":{"@type":"PropertyValueSpecification","valueRequired":true,"valueName":"search_term_string"}}],"inLanguage":"cs"},{"@type":"Organization","@id":"https:\/\/www.locusmap.app\/cs\/#organization","name":"Locus Map - mobile outdoor navigation app","url":"https:\/\/www.locusmap.app\/cs\/","logo":{"@type":"ImageObject","inLanguage":"cs","@id":"https:\/\/www.locusmap.app\/cs\/#\/schema\/logo\/image\/","url":"https:\/\/www.locusmap.app\/wp-content\/uploads\/2021\/03\/ggplay-screen-lm4.jpg","contentUrl":"https:\/\/www.locusmap.app\/wp-content\/uploads\/2021\/03\/ggplay-screen-lm4.jpg","width":1024,"height":500,"caption":"Locus Map - mobile outdoor navigation app"},"image":{"@id":"https:\/\/www.locusmap.app\/cs\/#\/schema\/logo\/image\/"},"sameAs":["https:\/\/www.facebook.com\/locusmap","https:\/\/en.wikipedia.org\/wiki\/Locus_Map"]}]}},"_links":{"self":[{"href":"https:\/\/www.locusmap.app\/cs\/wp-json\/wp\/v2\/pages\/34090","targetHints":{"allow":["GET"]}}],"collection":[{"href":"https:\/\/www.locusmap.app\/cs\/wp-json\/wp\/v2\/pages"}],"about":[{"href":"https:\/\/www.locusmap.app\/cs\/wp-json\/wp\/v2\/types\/page"}],"author":[{"embeddable":true,"href":"https:\/\/www.locusmap.app\/cs\/wp-json\/wp\/v2\/users\/6"}],"replies":[{"embeddable":true,"href":"https:\/\/www.locusmap.app\/cs\/wp-json\/wp\/v2\/comments?post=34090"}],"version-history":[{"count":2,"href":"https:\/\/www.locusmap.app\/cs\/wp-json\/wp\/v2\/pages\/34090\/revisions"}],"predecessor-version":[{"id":34096,"href":"https:\/\/www.locusmap.app\/cs\/wp-json\/wp\/v2\/pages\/34090\/revisions\/34096"}],"wp:attachment":[{"href":"https:\/\/www.locusmap.app\/cs\/wp-json\/wp\/v2\/media?parent=34090"}],"curies":[{"name":"wp","href":"https:\/\/api.w.org\/{rel}","templated":true}]}}