{"id":33603,"date":"2022-03-30T12:13:26","date_gmt":"2022-03-30T10:13:26","guid":{"rendered":"https:\/\/www.locusmap.app\/?page_id=33603"},"modified":"2025-12-11T15:40:13","modified_gmt":"2025-12-11T14:40:13","slug":"locus-map-4-vs-locus-map-3-classic","status":"publish","type":"page","link":"https:\/\/www.locusmap.app\/cs\/locus-map-4-vs-locus-map-3-classic\/","title":{"rendered":"Jak se li\u0161\u00ed Locus Map 4 od Locus Map 3 Classic?"},"content":{"rendered":"\t\t<div data-elementor-type=\"wp-page\" data-elementor-id=\"33603\" class=\"elementor elementor-33603\">\n\t\t\t\t\t\t<section class=\"elementor-section elementor-top-section elementor-element elementor-element-718fbc6e elementor-section-boxed elementor-section-height-default elementor-section-height-default\" data-id=\"718fbc6e\" data-element_type=\"section\" data-e-type=\"section\">\n\t\t\t\t\t\t<div class=\"elementor-container elementor-column-gap-default\">\n\t\t\t\t\t<div class=\"elementor-column elementor-col-100 elementor-top-column elementor-element elementor-element-49d420a6\" data-id=\"49d420a6\" data-element_type=\"column\" data-e-type=\"column\">\n\t\t\t<div class=\"elementor-widget-wrap elementor-element-populated\">\n\t\t\t\t\t\t<div class=\"elementor-element elementor-element-d4a0e6f elementor-widget elementor-widget-image\" data-id=\"d4a0e6f\" data-element_type=\"widget\" data-e-type=\"widget\" data-widget_type=\"image.default\">\n\t\t\t\t<div class=\"elementor-widget-container\">\n\t\t\t\t\t\t\t\t\t\t\t\t\t\t\t<img fetchpriority=\"high\" decoding=\"async\" width=\"600\" height=\"276\" src=\"https:\/\/www.locusmap.app\/wp-content\/uploads\/2022\/04\/LMA-LCA.png\" class=\"attachment-large size-large wp-image-33710\" alt=\"\" \/>\t\t\t\t\t\t\t\t\t\t\t\t\t\t\t<\/div>\n\t\t\t\t<\/div>\n\t\t\t\t<div class=\"elementor-element elementor-element-7501219e elementor-widget elementor-widget-text-editor\" data-id=\"7501219e\" data-element_type=\"widget\" data-e-type=\"widget\" data-widget_type=\"text-editor.default\">\n\t\t\t\t<div class=\"elementor-widget-container\">\n\t\t\t\t\t\t\t\t\t<h1>Jak se li\u0161\u00ed Locus Map 4 od Locusu Map 3 Classic?<\/h1>\n<p>Locus Map 4 je nejnov\u011bj\u0161\u00ed generac\u00ed aplikace Locus Map. Z d\u016fvodu mno\u017estv\u00ed zm\u011bn a aktualizace obchodn\u00edho modelu oproti star\u0161\u00ed a st\u00e1le popul\u00e1rn\u00ed Locus Map 3 Classic (d\u0159\u00edve PRO) jsme se rozhodli ponechat do\u010dasn\u011b ve v\u00fdvoji ob\u011b verze. Podpora Locusu Map 3 Classic bude ukon\u010dena v prosinci 2026.<\/p>\n<p>Locus Map 4 p\u0159in\u00e1\u0161\u00ed oproti sv\u00e9mu p\u0159edch\u016fdci celou \u0159adu vylep\u0161en\u00ed, nov\u00fdch funkc\u00ed, a tak\u00e9 propojen\u00ed s webov\u00fdmi slu\u017ebami:<\/p>\n<h1>Ergonomick\u00e9 u\u017eivatelsk\u00e9 rozhran\u00ed<\/h1>\n<h2>V\u0161e m\u00e1te v dosahu palce<\/h2>\n<ul>\n<li>Panely s tla\u010d\u00edtky funkc\u00ed se p\u0159esunuly do spodn\u00ed \u010d\u00e1sti obrazovky, naho\u0159e z\u016fst\u00e1v\u00e1 pouze informa\u010dn\u00ed panel a naviga\u010dn\u00ed box.<\/li>\n<li>Tak\u00e9 panely s detaily trasy nebo bodu se vysouvaj\u00ed zespoda.<\/li>\n<\/ul>\n<h2>V\u0161echny ovl\u00e1dac\u00ed prvky m\u016f\u017eete upravit podle sv\u00fdch pot\u0159eb<\/h2>\n<ul>\n<li>Tla\u010d\u00edtka zoomu, centrace, obsahu, z\u00e1znamu trasy i v\u0161echny panely lze skr\u00fdvat.<\/li>\n<li>Lze m\u011bnit obsah panel\u016f funkc\u00ed i hlavn\u00edho menu.<\/li>\n<li>Celou obrazovku lze stranov\u011b p\u0159evr\u00e1tit pro lev\u00e1ky.<\/li>\n<\/ul>\n<h2>Baterii \u0161et\u0159\u00edte s obl\u00edben\u00fdm tmav\u00fdm re\u017eimem obrazovky<\/h2>\n<ul>\n<li>M\u016f\u017eete jej m\u00edt zapnut\u00fd trvale nebo podle denn\u00ed doby.<\/li>\n<\/ul>\n<h1>Nov\u00e9 mapy, body z\u00e1jmu i router<\/h1>\n<h2>Online LoMapy<\/h2>\n<ul>\n<li>Podrobn\u00e9 cyklo\/turistick\u00e9 a zimn\u00ed mapy ZDARMA, pokr\u00fdvaj\u00edc\u00ed cel\u00fd sv\u011bt.<\/li>\n<li>Obsahuj\u00ed zna\u010den\u00e9 turistick\u00e9 i cyklistick\u00e9 stezky a st\u00ednov\u00e1n\u00ed ter\u00e9nu pro lep\u0161\u00ed orientaci.<\/li>\n<\/ul>\n<h2>Satelitn\u00ed mapy<\/h2>\n<ul>\n<li>Celosv\u011btov\u00e9 leteck\u00e9 a satelitn\u00ed mapy na aktu\u00e1ln\u00edch datech spole\u010dnost\u00ed Here a Maxar.<\/li>\n<li>Dostupn\u00e9 a\u017e do zoomu 18.<\/li>\n<li>Lze je ulo\u017eit do do\u010dasn\u00e9 pam\u011bti a pou\u017e\u00edvat je offline a\u017e po dobu jednoho roku.<\/li>\n<\/ul>\n<h2>Online LoPointy&nbsp;<\/h2>\n<ul>\n<li>Dynamick\u00e9 body z\u00e1jmu s informacemi pro cel\u00fd sv\u011bt.<\/li>\n<li>D\u00edky roz\u0161\u00ed\u0159en\u00ed o data z Wikipedie obsahuj\u00ed tak\u00e9 podrobn\u00e9 popisky a fotografie.<\/li>\n<li>Pokro\u010dil\u00e9 fultextov\u00e9 vyhled\u00e1v\u00e1n\u00ed zaj\u00edmav\u00fdch m\u00edst a adres.<\/li><li>Lze k nim p\u0159id\u00e1vat u\u017eivatelsk\u00e9 fotografie a dokumentovat tak jejich sou\u010dasn\u00fd stav<\/li>\n<\/ul>\n<h2>LoRouter<\/h2>\n<ul>\n<li>Vestav\u011bn\u00fd router &#8211; pro pl\u00e1nov\u00e1n\u00ed tras ji\u017e nen\u00ed pot\u0159eba doinstalov\u00e1vat pomocn\u00e9 extern\u00ed aplikace \u010di vyu\u017e\u00edvat slu\u017eby t\u0159et\u00edch stran.<\/li>\n<li>K dispozici online i offline.<\/li>\n<li>Pl\u00e1nov\u00e1n\u00ed tras a navigace do c\u00edle s optimalizovan\u00fdmi routovac\u00edmi profily v\u010detn\u011b vlastn\u00edch nastaven\u00ed<\/li>\n<\/ul>\n<p><strong>Online LoMapy, satelitn\u00ed mapy, LoPointy i LoRouter jsou k dispozici jak v aplikaci, tak i ve <\/strong><a href=\"http:\/\/web.locusmap.app\/\"><strong>webov\u00e9m pl\u00e1nova\u010di tras<\/strong><\/a><strong>.<\/strong><\/p>\n<h1>Webov\u00e9 slu\u017eby<\/h1>\n<h2>Synchronizace dat<\/h2>\n<ul>\n<li>Ji\u017e nemus\u00edte m\u00edt obavy o sv\u00e9 trasy a body, jsou automaticky synchronizov\u00e1ny s <a href=\"http:\/\/web.locusmap.app\/\">knihovnou na webu<\/a>.<\/li>\n<li>D\u00edky synchronizaci s cloudem m\u016f\u017eete pohodln\u011b pou\u017e\u00edvat Locus Map na v\u00edce za\u0159\u00edzen\u00edch, a\u0165 u\u017e na Androidu nebo iOS.<\/li>\n<\/ul>\n<h2>Pl\u00e1nov\u00e1n\u00ed v\u00fdlet\u016f a knihovna tras na webu<\/h2>\n<ul>\n<li>Na velk\u00e9 obrazovce PC napl\u00e1nujete nebo importujete trasu, ulo\u017e\u00edte a trasa se synchronizuje se v\u0161emi va\u0161imi mobiln\u00edmi za\u0159\u00edzen\u00edmi.<\/li>\n<li>Trasu, zaznamenanou na mobilu b\u011bhem v\u00fdletu si prohl\u00e9dnete v pohodl\u00ed domova na velk\u00e9 obrazovce.<\/li>\n<\/ul>\n<h1>\u2026a dal\u0161\u00ed drobnosti<\/h1>\n<ul>\n<li>Mo\u017enost vyu\u017eit\u00ed OneDrive pro z\u00e1lohov\u00e1n\u00ed, export a import<\/li>\n<li>Zobrazen\u00ed n\u011bkolika typ\u016f m\u0159\u00ed\u017eky sou\u0159adnic<\/li>\n<li>Podpora vlastn\u00edch WMTS zdroj\u016f map<\/li>\n<li>Sdru\u017een\u00fd spr\u00e1vce BT a ANT senzor\u016f<\/li>\n<li>Vyhled\u00e1v\u00e1n\u00ed v online a offline LoPointech<\/li>\n<\/ul>\n<h1>Za co po\u0159\u00edd\u00edm Locus Map 4?<\/h1>\n<p>Aplikace je k dispozici ve<strong> t\u0159ech variant\u00e1ch<\/strong>.<\/p>\n<p>Z\u00e1kladn\u00ed verze, kterou m\u016f\u017eete jako samostatnou aplikaci st\u00e1hnout z <a href=\"https:\/\/play.google.com\/store\/apps\/details?id=menion.android.locus\">Google Play<\/a>, je <strong>ZDARMA<\/strong>. Obsahuje v\u0161e, co pot\u0159ebujete pro b\u011b\u017en\u00e9 vyu\u017eit\u00ed p\u0159i aktivit\u00e1ch v p\u0159\u00edrod\u011b &#8211; pl\u00e1nov\u00e1n\u00ed a z\u00e1znam trasy nebo navigaci.<\/p>\n<p>Pro nad\u0161en\u00e9 fanou\u0161ky outdooru je zde bal\u00ed\u010dek <strong>PREMIUM SILVER<\/strong>, obsahuj\u00edc\u00ed sportovn\u00ed a mapov\u00e9 n\u00e1stroje. Pro nejn\u00e1ro\u010dn\u011bj\u0161\u00ed u\u017eivatele je ur\u010dena varianta <strong>PREMIUM GOLD<\/strong>, obsahuj\u00edc\u00ed ve\u0161ker\u00e9 funkce aplikace a v\u0161echny webov\u00e9 slu\u017eby. <a href=\"https:\/\/www.locusmap.app\/cs\/premium\">Podrobn\u00e9 srovn\u00e1n\u00ed Premium bal\u00ed\u010dk\u016f najdete ZDE &gt;&gt;<\/a><\/p>\n<p>Varianty PREMIUM jsou dostupn\u00e9 v r\u00e1mci p\u0159edplatn\u00e9ho a za jednor\u00e1zov\u00e9 \u010dasov\u00e9 platby. U\u017eivatel\u00e9 aplikace Locus Map 3 Classic z\u00edsk\u00e1vaj\u00ed Silver ZDARMA na cel\u00fd rok a exkluzivn\u00ed slevu 50% na ro\u010dn\u00ed Gold.<\/p>\n<h1>P\u0159echod mezi Locus Map 3 a Locus Map 4<\/h1>\n<p><\/p><div>N\u00e1sledujte pros\u00edm instrukce v <b><a href=\"https:\/\/docs.locusmap.app\/doku.php?id=manual:faq:pro_to_lm4\">u\u017eivatelsk\u00e9m manu\u00e1lu<\/a><\/b>.<\/div>\n<div>&nbsp;<\/div>\t\t\t\t\t\t\t\t<\/div>\n\t\t\t\t<\/div>\n\t\t\t\t\t<\/div>\n\t\t<\/div>\n\t\t\t\t\t<\/div>\n\t\t<\/section>\n\t\t\t\t<\/div>\n\t\t<div class=\"clearfix\"><\/div>","protected":false},"excerpt":{"rendered":"<p>Jak se li\u0161\u00ed Locus Map 4 od Locusu Map 3 Classic? Locus Map 4 je&#8230;<\/p>\n","protected":false},"author":8,"featured_media":0,"parent":0,"menu_order":0,"comment_status":"closed","ping_status":"closed","template":"elementor_header_footer","meta":{"footnotes":""},"class_list":["post-33603","page","type-page","status-publish","hentry"],"yoast_head":"<!-- This site is optimized with the Yoast SEO plugin v27.5 - https:\/\/yoast.com\/product\/yoast-seo-wordpress\/ -->\n<title>Jak se li\u0161\u00ed Locus Map 4 od Locus Map 3 Classic? - Locus Map - mobile outdoor navigation app<\/title>\n<meta name=\"description\" content=\"Locus Map 4 je nejnov\u011bj\u0161\u00ed generac\u00ed aplikace Locus Map. Z d\u016fvodu mno\u017estv\u00ed zm\u011bn a aktualizace obchodn\u00edho modelu oproti star\u0161\u00ed a st\u00e1le popul\u00e1rn\u00ed Locus Map 3 Classic (d\u0159\u00edve PRO) jsme se rozhodli u\u017eivatel\u016fm d\u00e1t volbu a ponechali ve v\u00fdvoji ob\u011b verze.\" \/>\n<meta name=\"robots\" content=\"index, follow, max-snippet:-1, max-image-preview:large, max-video-preview:-1\" \/>\n<link rel=\"canonical\" href=\"https:\/\/www.locusmap.app\/cs\/locus-map-4-vs-locus-map-3-classic\/\" \/>\n<meta property=\"og:locale\" content=\"cs_CZ\" \/>\n<meta property=\"og:type\" content=\"article\" \/>\n<meta property=\"og:title\" content=\"Jak se li\u0161\u00ed Locus Map 4 od Locus Map 3 Classic? - Locus Map - mobile outdoor navigation app\" \/>\n<meta property=\"og:description\" content=\"Locus Map 4 je nejnov\u011bj\u0161\u00ed generac\u00ed aplikace Locus Map. Z d\u016fvodu mno\u017estv\u00ed zm\u011bn a aktualizace obchodn\u00edho modelu oproti star\u0161\u00ed a st\u00e1le popul\u00e1rn\u00ed Locus Map 3 Classic (d\u0159\u00edve PRO) jsme se rozhodli u\u017eivatel\u016fm d\u00e1t volbu a ponechali ve v\u00fdvoji ob\u011b verze.\" \/>\n<meta property=\"og:url\" content=\"https:\/\/www.locusmap.app\/cs\/locus-map-4-vs-locus-map-3-classic\/\" \/>\n<meta property=\"og:site_name\" content=\"Locus Map - mobile outdoor navigation app\" \/>\n<meta property=\"article:publisher\" content=\"https:\/\/www.facebook.com\/locusmap\" \/>\n<meta property=\"article:modified_time\" content=\"2025-12-11T14:40:13+00:00\" \/>\n<meta property=\"og:image\" content=\"https:\/\/www.locusmap.app\/wp-content\/uploads\/2022\/04\/LMA-LCA.png\" \/>\n\t<meta property=\"og:image:width\" content=\"600\" \/>\n\t<meta property=\"og:image:height\" content=\"276\" \/>\n\t<meta property=\"og:image:type\" content=\"image\/png\" \/>\n<meta name=\"twitter:card\" content=\"summary_large_image\" \/>\n<meta name=\"twitter:label1\" content=\"Odhadovan\u00e1 doba \u010dten\u00ed\" \/>\n\t<meta name=\"twitter:data1\" content=\"4 minuty\" \/>\n<script type=\"application\/ld+json\" class=\"yoast-schema-graph\">{\"@context\":\"https:\\\/\\\/schema.org\",\"@graph\":[{\"@type\":\"WebPage\",\"@id\":\"https:\\\/\\\/www.locusmap.app\\\/cs\\\/locus-map-4-vs-locus-map-3-classic\\\/\",\"url\":\"https:\\\/\\\/www.locusmap.app\\\/cs\\\/locus-map-4-vs-locus-map-3-classic\\\/\",\"name\":\"Jak se li\u0161\u00ed Locus Map 4 od Locus Map 3 Classic? - Locus Map - mobile outdoor navigation app\",\"isPartOf\":{\"@id\":\"https:\\\/\\\/www.locusmap.app\\\/cs\\\/#website\"},\"primaryImageOfPage\":{\"@id\":\"https:\\\/\\\/www.locusmap.app\\\/cs\\\/locus-map-4-vs-locus-map-3-classic\\\/#primaryimage\"},\"image\":{\"@id\":\"https:\\\/\\\/www.locusmap.app\\\/cs\\\/locus-map-4-vs-locus-map-3-classic\\\/#primaryimage\"},\"thumbnailUrl\":\"https:\\\/\\\/www.locusmap.app\\\/wp-content\\\/uploads\\\/2022\\\/04\\\/LMA-LCA.png\",\"datePublished\":\"2022-03-30T10:13:26+00:00\",\"dateModified\":\"2025-12-11T14:40:13+00:00\",\"description\":\"Locus Map 4 je nejnov\u011bj\u0161\u00ed generac\u00ed aplikace Locus Map. Z d\u016fvodu mno\u017estv\u00ed zm\u011bn a aktualizace obchodn\u00edho modelu oproti star\u0161\u00ed a st\u00e1le popul\u00e1rn\u00ed Locus Map 3 Classic (d\u0159\u00edve PRO) jsme se rozhodli u\u017eivatel\u016fm d\u00e1t volbu a ponechali ve v\u00fdvoji ob\u011b verze.\",\"breadcrumb\":{\"@id\":\"https:\\\/\\\/www.locusmap.app\\\/cs\\\/locus-map-4-vs-locus-map-3-classic\\\/#breadcrumb\"},\"inLanguage\":\"cs\",\"potentialAction\":[{\"@type\":\"ReadAction\",\"target\":[\"https:\\\/\\\/www.locusmap.app\\\/cs\\\/locus-map-4-vs-locus-map-3-classic\\\/\"]}]},{\"@type\":\"ImageObject\",\"inLanguage\":\"cs\",\"@id\":\"https:\\\/\\\/www.locusmap.app\\\/cs\\\/locus-map-4-vs-locus-map-3-classic\\\/#primaryimage\",\"url\":\"https:\\\/\\\/www.locusmap.app\\\/wp-content\\\/uploads\\\/2022\\\/04\\\/LMA-LCA.png\",\"contentUrl\":\"https:\\\/\\\/www.locusmap.app\\\/wp-content\\\/uploads\\\/2022\\\/04\\\/LMA-LCA.png\"},{\"@type\":\"BreadcrumbList\",\"@id\":\"https:\\\/\\\/www.locusmap.app\\\/cs\\\/locus-map-4-vs-locus-map-3-classic\\\/#breadcrumb\",\"itemListElement\":[{\"@type\":\"ListItem\",\"position\":1,\"name\":\"Dom\u016f\",\"item\":\"https:\\\/\\\/www.locusmap.app\\\/cs\\\/aplikace\\\/\"},{\"@type\":\"ListItem\",\"position\":2,\"name\":\"Jak se li\u0161\u00ed Locus Map 4 od Locus Map 3 Classic?\"}]},{\"@type\":\"WebSite\",\"@id\":\"https:\\\/\\\/www.locusmap.app\\\/cs\\\/#website\",\"url\":\"https:\\\/\\\/www.locusmap.app\\\/cs\\\/\",\"name\":\"Locus Map - mobile outdoor navigation app\",\"description\":\"Multi-functional mobile outdoor navigation app for hiking, cycling, geocaching, sailing, flying and other sports activities and traveling\",\"publisher\":{\"@id\":\"https:\\\/\\\/www.locusmap.app\\\/cs\\\/#organization\"},\"potentialAction\":[{\"@type\":\"SearchAction\",\"target\":{\"@type\":\"EntryPoint\",\"urlTemplate\":\"https:\\\/\\\/www.locusmap.app\\\/cs\\\/?s={search_term_string}\"},\"query-input\":{\"@type\":\"PropertyValueSpecification\",\"valueRequired\":true,\"valueName\":\"search_term_string\"}}],\"inLanguage\":\"cs\"},{\"@type\":\"Organization\",\"@id\":\"https:\\\/\\\/www.locusmap.app\\\/cs\\\/#organization\",\"name\":\"Locus Map - mobile outdoor navigation app\",\"url\":\"https:\\\/\\\/www.locusmap.app\\\/cs\\\/\",\"logo\":{\"@type\":\"ImageObject\",\"inLanguage\":\"cs\",\"@id\":\"https:\\\/\\\/www.locusmap.app\\\/cs\\\/#\\\/schema\\\/logo\\\/image\\\/\",\"url\":\"https:\\\/\\\/www.locusmap.app\\\/wp-content\\\/uploads\\\/2021\\\/03\\\/ggplay-screen-lm4.jpg\",\"contentUrl\":\"https:\\\/\\\/www.locusmap.app\\\/wp-content\\\/uploads\\\/2021\\\/03\\\/ggplay-screen-lm4.jpg\",\"width\":1024,\"height\":500,\"caption\":\"Locus Map - mobile outdoor navigation app\"},\"image\":{\"@id\":\"https:\\\/\\\/www.locusmap.app\\\/cs\\\/#\\\/schema\\\/logo\\\/image\\\/\"},\"sameAs\":[\"https:\\\/\\\/www.facebook.com\\\/locusmap\",\"https:\\\/\\\/en.wikipedia.org\\\/wiki\\\/Locus_Map\"]}]}<\/script>\n<!-- \/ Yoast SEO plugin. -->","yoast_head_json":{"title":"Jak se li\u0161\u00ed Locus Map 4 od Locus Map 3 Classic? - Locus Map - mobile outdoor navigation app","description":"Locus Map 4 je nejnov\u011bj\u0161\u00ed generac\u00ed aplikace Locus Map. Z d\u016fvodu mno\u017estv\u00ed zm\u011bn a aktualizace obchodn\u00edho modelu oproti star\u0161\u00ed a st\u00e1le popul\u00e1rn\u00ed Locus Map 3 Classic (d\u0159\u00edve PRO) jsme se rozhodli u\u017eivatel\u016fm d\u00e1t volbu a ponechali ve v\u00fdvoji ob\u011b verze.","robots":{"index":"index","follow":"follow","max-snippet":"max-snippet:-1","max-image-preview":"max-image-preview:large","max-video-preview":"max-video-preview:-1"},"canonical":"https:\/\/www.locusmap.app\/cs\/locus-map-4-vs-locus-map-3-classic\/","og_locale":"cs_CZ","og_type":"article","og_title":"Jak se li\u0161\u00ed Locus Map 4 od Locus Map 3 Classic? - Locus Map - mobile outdoor navigation app","og_description":"Locus Map 4 je nejnov\u011bj\u0161\u00ed generac\u00ed aplikace Locus Map. Z d\u016fvodu mno\u017estv\u00ed zm\u011bn a aktualizace obchodn\u00edho modelu oproti star\u0161\u00ed a st\u00e1le popul\u00e1rn\u00ed Locus Map 3 Classic (d\u0159\u00edve PRO) jsme se rozhodli u\u017eivatel\u016fm d\u00e1t volbu a ponechali ve v\u00fdvoji ob\u011b verze.","og_url":"https:\/\/www.locusmap.app\/cs\/locus-map-4-vs-locus-map-3-classic\/","og_site_name":"Locus Map - mobile outdoor navigation app","article_publisher":"https:\/\/www.facebook.com\/locusmap","article_modified_time":"2025-12-11T14:40:13+00:00","og_image":[{"width":600,"height":276,"url":"https:\/\/www.locusmap.app\/wp-content\/uploads\/2022\/04\/LMA-LCA.png","type":"image\/png"}],"twitter_card":"summary_large_image","twitter_misc":{"Odhadovan\u00e1 doba \u010dten\u00ed":"4 minuty"},"schema":{"@context":"https:\/\/schema.org","@graph":[{"@type":"WebPage","@id":"https:\/\/www.locusmap.app\/cs\/locus-map-4-vs-locus-map-3-classic\/","url":"https:\/\/www.locusmap.app\/cs\/locus-map-4-vs-locus-map-3-classic\/","name":"Jak se li\u0161\u00ed Locus Map 4 od Locus Map 3 Classic? - Locus Map - mobile outdoor navigation app","isPartOf":{"@id":"https:\/\/www.locusmap.app\/cs\/#website"},"primaryImageOfPage":{"@id":"https:\/\/www.locusmap.app\/cs\/locus-map-4-vs-locus-map-3-classic\/#primaryimage"},"image":{"@id":"https:\/\/www.locusmap.app\/cs\/locus-map-4-vs-locus-map-3-classic\/#primaryimage"},"thumbnailUrl":"https:\/\/www.locusmap.app\/wp-content\/uploads\/2022\/04\/LMA-LCA.png","datePublished":"2022-03-30T10:13:26+00:00","dateModified":"2025-12-11T14:40:13+00:00","description":"Locus Map 4 je nejnov\u011bj\u0161\u00ed generac\u00ed aplikace Locus Map. Z d\u016fvodu mno\u017estv\u00ed zm\u011bn a aktualizace obchodn\u00edho modelu oproti star\u0161\u00ed a st\u00e1le popul\u00e1rn\u00ed Locus Map 3 Classic (d\u0159\u00edve PRO) jsme se rozhodli u\u017eivatel\u016fm d\u00e1t volbu a ponechali ve v\u00fdvoji ob\u011b verze.","breadcrumb":{"@id":"https:\/\/www.locusmap.app\/cs\/locus-map-4-vs-locus-map-3-classic\/#breadcrumb"},"inLanguage":"cs","potentialAction":[{"@type":"ReadAction","target":["https:\/\/www.locusmap.app\/cs\/locus-map-4-vs-locus-map-3-classic\/"]}]},{"@type":"ImageObject","inLanguage":"cs","@id":"https:\/\/www.locusmap.app\/cs\/locus-map-4-vs-locus-map-3-classic\/#primaryimage","url":"https:\/\/www.locusmap.app\/wp-content\/uploads\/2022\/04\/LMA-LCA.png","contentUrl":"https:\/\/www.locusmap.app\/wp-content\/uploads\/2022\/04\/LMA-LCA.png"},{"@type":"BreadcrumbList","@id":"https:\/\/www.locusmap.app\/cs\/locus-map-4-vs-locus-map-3-classic\/#breadcrumb","itemListElement":[{"@type":"ListItem","position":1,"name":"Dom\u016f","item":"https:\/\/www.locusmap.app\/cs\/aplikace\/"},{"@type":"ListItem","position":2,"name":"Jak se li\u0161\u00ed Locus Map 4 od Locus Map 3 Classic?"}]},{"@type":"WebSite","@id":"https:\/\/www.locusmap.app\/cs\/#website","url":"https:\/\/www.locusmap.app\/cs\/","name":"Locus Map - mobile outdoor navigation app","description":"Multi-functional mobile outdoor navigation app for hiking, cycling, geocaching, sailing, flying and other sports activities and traveling","publisher":{"@id":"https:\/\/www.locusmap.app\/cs\/#organization"},"potentialAction":[{"@type":"SearchAction","target":{"@type":"EntryPoint","urlTemplate":"https:\/\/www.locusmap.app\/cs\/?s={search_term_string}"},"query-input":{"@type":"PropertyValueSpecification","valueRequired":true,"valueName":"search_term_string"}}],"inLanguage":"cs"},{"@type":"Organization","@id":"https:\/\/www.locusmap.app\/cs\/#organization","name":"Locus Map - mobile outdoor navigation app","url":"https:\/\/www.locusmap.app\/cs\/","logo":{"@type":"ImageObject","inLanguage":"cs","@id":"https:\/\/www.locusmap.app\/cs\/#\/schema\/logo\/image\/","url":"https:\/\/www.locusmap.app\/wp-content\/uploads\/2021\/03\/ggplay-screen-lm4.jpg","contentUrl":"https:\/\/www.locusmap.app\/wp-content\/uploads\/2021\/03\/ggplay-screen-lm4.jpg","width":1024,"height":500,"caption":"Locus Map - mobile outdoor navigation app"},"image":{"@id":"https:\/\/www.locusmap.app\/cs\/#\/schema\/logo\/image\/"},"sameAs":["https:\/\/www.facebook.com\/locusmap","https:\/\/en.wikipedia.org\/wiki\/Locus_Map"]}]}},"_links":{"self":[{"href":"https:\/\/www.locusmap.app\/cs\/wp-json\/wp\/v2\/pages\/33603","targetHints":{"allow":["GET"]}}],"collection":[{"href":"https:\/\/www.locusmap.app\/cs\/wp-json\/wp\/v2\/pages"}],"about":[{"href":"https:\/\/www.locusmap.app\/cs\/wp-json\/wp\/v2\/types\/page"}],"author":[{"embeddable":true,"href":"https:\/\/www.locusmap.app\/cs\/wp-json\/wp\/v2\/users\/8"}],"replies":[{"embeddable":true,"href":"https:\/\/www.locusmap.app\/cs\/wp-json\/wp\/v2\/comments?post=33603"}],"version-history":[{"count":22,"href":"https:\/\/www.locusmap.app\/cs\/wp-json\/wp\/v2\/pages\/33603\/revisions"}],"predecessor-version":[{"id":37176,"href":"https:\/\/www.locusmap.app\/cs\/wp-json\/wp\/v2\/pages\/33603\/revisions\/37176"}],"wp:attachment":[{"href":"https:\/\/www.locusmap.app\/cs\/wp-json\/wp\/v2\/media?parent=33603"}],"curies":[{"name":"wp","href":"https:\/\/api.w.org\/{rel}","templated":true}]}}