{"id":31257,"date":"2021-01-28T14:34:38","date_gmt":"2021-01-28T13:34:38","guid":{"rendered":"https:\/\/www.locusmap.app\/podpora-zachrannych-slozek\/"},"modified":"2025-03-17T08:08:00","modified_gmt":"2025-03-17T07:08:00","slug":"podpora-zachrannych-slozek","status":"publish","type":"page","link":"https:\/\/www.locusmap.app\/cs\/podpora-zachrannych-slozek\/","title":{"rendered":"Podpora z\u00e1chrann\u00fdch slo\u017eek"},"content":{"rendered":"\t\t<div data-elementor-type=\"wp-page\" data-elementor-id=\"31257\" class=\"elementor elementor-31257 elementor-31163\">\n\t\t\t\t\t\t<section class=\"elementor-section elementor-top-section elementor-element elementor-element-62f41a9 elementor-section-height-min-height elementor-section-boxed elementor-section-height-default elementor-section-items-middle\" data-id=\"62f41a9\" data-element_type=\"section\" data-e-type=\"section\" data-settings=\"{&quot;background_background&quot;:&quot;classic&quot;}\">\n\t\t\t\t\t\t<div class=\"elementor-container elementor-column-gap-no\">\n\t\t\t\t\t<div class=\"elementor-column elementor-col-100 elementor-top-column elementor-element elementor-element-1b7ae97\" data-id=\"1b7ae97\" data-element_type=\"column\" data-e-type=\"column\">\n\t\t\t<div class=\"elementor-widget-wrap\">\n\t\t\t\t\t\t\t<\/div>\n\t\t<\/div>\n\t\t\t\t\t<\/div>\n\t\t<\/section>\n\t\t\t\t<section class=\"elementor-section elementor-top-section elementor-element elementor-element-2d60be65 elementor-section-boxed elementor-section-height-default elementor-section-height-default\" data-id=\"2d60be65\" data-element_type=\"section\" data-e-type=\"section\">\n\t\t\t\t\t\t<div class=\"elementor-container elementor-column-gap-default\">\n\t\t\t\t\t<div class=\"elementor-column elementor-col-100 elementor-top-column elementor-element elementor-element-5c620c99\" data-id=\"5c620c99\" data-element_type=\"column\" data-e-type=\"column\">\n\t\t\t<div class=\"elementor-widget-wrap elementor-element-populated\">\n\t\t\t\t\t\t<div class=\"elementor-element elementor-element-78b1da36 elementor-widget elementor-widget-text-editor\" data-id=\"78b1da36\" data-element_type=\"widget\" data-e-type=\"widget\" data-widget_type=\"text-editor.default\">\n\t\t\t\t<div class=\"elementor-widget-container\">\n\t\t\t\t\t\t\t\t\t<h1><span data-sheets-value=\"{\" data-sheets-userformat=\"{\">Podpora z\u00e1chrann\u00fdch slo\u017eek<\/span><\/h1><p><span data-sheets-value=\"{\" data-sheets-userformat=\"{\">V tomto programu poskytujeme <strong>bezplatn\u00e9 licence na plnou verzi outdoorov\u00e9 navigace Locus Map 4<\/strong>. Organizace ZS mohou v r\u00e1mci tohoto progamu z\u00edskat:<\/span><\/p><ul><li><p><b>Locus Map 4 Premium Silver ZDARMA<\/b><span style=\"font-weight: 400;\"> pro v\u0161echny aktivn\u00ed \u010dleny va\u0161eho t\u00fdmu na dva roky (s mo\u017enost\u00ed dal\u0161\u00edho prodlou\u017een\u00ed, max. 100 licenc\u00ed na organizaci).<\/span><\/p><\/li><li><p><b>Locus Map 4 Premium Gold ZDARMA<\/b><span style=\"font-weight: 400;\"> pro jednoho vedouc\u00edho pracovn\u00edka na dva roky (s mo\u017enost\u00ed dal\u0161\u00edho prodlou\u017een\u00ed).<\/span><\/p><\/li><li><b>40% slevu na dva roky ro\u010dn\u00edch licenc\u00ed Premium Silver a Gold<\/b><span style=\"font-weight: 400;\"> objednan\u00fdch nad limit bezplatn\u00fdch licenc\u00ed.<\/span><\/li><\/ul><p><span style=\"font-weight: 400;\">Licence budeme poskytovat prost\u0159ednictv\u00edm voucher\u016f vyd\u00e1van\u00fdch p\u0159\u00edmo na\u0161\u00ed spole\u010dnost\u00ed bez \u00fa\u010dasti spole\u010dnosti Google, tak\u017ee aplikace bude fungovat v re\u017eimu Premium i na telefonech bez slu\u017eeb Google (nejnov\u011bj\u0161\u00ed Huawei apod.).\u00a0<\/span><\/p><p><span style=\"font-weight: 400;\">Stejn\u011b jako d\u0159\u00edve, mezi podm\u00ednky pro poskytnut\u00ed bezplatn\u00fdch licenc\u00ed pat\u0159\u00ed propagace aplikace:<\/span><\/p><ul><li><span style=\"font-weight: 400;\">Po p\u0159evzet\u00ed licenc\u00ed vlo\u017e\u00edte na webov\u00e9 str\u00e1nky va\u0161\u00ed organizace <strong>logo na\u0161\u00ed aplikace<\/strong> s odkazem na www.locusmap.app nebo zve\u0159ejn\u00edte na sv\u00fdch soci\u00e1ln\u00edch s\u00edt\u00edch <strong>p\u0159\u00edsp\u011bvek o pou\u017e\u00edv\u00e1n\u00ed na\u0161\u00ed aplikace<\/strong> s hashtagem #locusmap nebo zve\u0159ejn\u00edte na sv\u00fdch webov\u00fdch str\u00e1nk\u00e1ch <strong>p\u0159\u00edsp\u011bvek na blogu<\/strong> &#8211; pros\u00edm, prove\u010fte alespo\u0148 jednu z t\u011bchto mo\u017enost\u00ed, nejl\u00e9pe je prove\u010fte v\u0161echny.<\/span><\/li><li>do jednoho roku od ud\u011blen\u00ed licenc\u00ed n\u00e1m pod\u00e1te <strong>zpr\u00e1vu o pou\u017e\u00edv\u00e1n\u00ed aplikace<\/strong> a va\u0161\u00ed spokojenosti s jej\u00edm nasazen\u00edm (\u010d\u00e1sti textu m\u016f\u017eeme citovat na na\u0161ich webov\u00fdch str\u00e1nk\u00e1ch nebo soci\u00e1ln\u00edch s\u00edt\u00edch)<\/li><\/ul><p><span data-sheets-value=\"{\">Licence lze z\u00edskat na z\u00e1klad\u011b pod\u00e1n\u00ed <a href=\"https:\/\/drive.google.com\/file\/d\/0B7OhhevHbFzLQjl3Z1U5T3BmQ2s\/view?usp=sharing&amp;resourcekey=0--nkEW3EzCxR4tQuYa24t3Q\" target=\"_blank\" rel=\"noopener\"><strong>\u017e\u00e1dosti<\/strong><\/a>, \u0159\u00e1dn\u011b vypln\u011bn\u00e9, podepsan\u00e9 a zaslan\u00e9 na e-mailovou adresu <em><strong>pr(at)asamm.com<\/strong><\/em>.<\/span><\/p><p>M\u00e1me tu \u010dest ji\u017e spolupracovat s n\u00e1sleduj\u00edc\u00edmi organizacemi:<\/p>\t\t\t\t\t\t\t\t<\/div>\n\t\t\t\t<\/div>\n\t\t\t\t\t<\/div>\n\t\t<\/div>\n\t\t\t\t\t<\/div>\n\t\t<\/section>\n\t\t\t\t<section class=\"elementor-section elementor-top-section elementor-element elementor-element-c155cf9 elementor-section-boxed elementor-section-height-default elementor-section-height-default\" data-id=\"c155cf9\" data-element_type=\"section\" data-e-type=\"section\">\n\t\t\t\t\t\t<div class=\"elementor-container elementor-column-gap-default\">\n\t\t\t\t\t<div class=\"elementor-column elementor-col-100 elementor-top-column elementor-element elementor-element-bced904\" data-id=\"bced904\" data-element_type=\"column\" data-e-type=\"column\">\n\t\t\t<div class=\"elementor-widget-wrap elementor-element-populated\">\n\t\t\t\t\t\t<div class=\"elementor-element elementor-element-863785f elementor-arrows-position-outside elementor-pagination-position-outside elementor-widget elementor-widget-image-carousel\" data-id=\"863785f\" data-element_type=\"widget\" data-e-type=\"widget\" data-settings=\"{&quot;slides_to_show&quot;:&quot;5&quot;,&quot;image_spacing_custom&quot;:{&quot;unit&quot;:&quot;px&quot;,&quot;size&quot;:100,&quot;sizes&quot;:[]},&quot;navigation&quot;:&quot;both&quot;,&quot;autoplay&quot;:&quot;yes&quot;,&quot;pause_on_hover&quot;:&quot;yes&quot;,&quot;pause_on_interaction&quot;:&quot;yes&quot;,&quot;autoplay_speed&quot;:5000,&quot;infinite&quot;:&quot;yes&quot;,&quot;speed&quot;:500,&quot;image_spacing_custom_tablet&quot;:{&quot;unit&quot;:&quot;px&quot;,&quot;size&quot;:&quot;&quot;,&quot;sizes&quot;:[]},&quot;image_spacing_custom_mobile&quot;:{&quot;unit&quot;:&quot;px&quot;,&quot;size&quot;:&quot;&quot;,&quot;sizes&quot;:[]}}\" data-widget_type=\"image-carousel.default\">\n\t\t\t\t<div class=\"elementor-widget-container\">\n\t\t\t\t\t\t\t<div class=\"elementor-image-carousel-wrapper swiper\" role=\"region\" aria-roledescription=\"carousel\" aria-label=\"Image Carousel\" dir=\"ltr\">\n\t\t\t<div class=\"elementor-image-carousel swiper-wrapper\" aria-live=\"off\">\n\t\t\t\t\t\t\t\t<div class=\"swiper-slide\" role=\"group\" aria-roledescription=\"slide\" aria-label=\"1 z 25\"><figure class=\"swiper-slide-inner\"><img decoding=\"async\" class=\"swiper-slide-image\" src=\"https:\/\/www.locusmap.app\/wp-content\/uploads\/2021\/01\/THS-DZ-logo.png\" alt=\"THS-DZ-logo\" \/><\/figure><\/div><div class=\"swiper-slide\" role=\"group\" aria-roledescription=\"slide\" aria-label=\"2 z 25\"><figure class=\"swiper-slide-inner\"><img decoding=\"async\" class=\"swiper-slide-image\" src=\"https:\/\/www.locusmap.app\/wp-content\/uploads\/2021\/01\/HSLogo.png\" alt=\"HSLogo\" \/><\/figure><\/div><div class=\"swiper-slide\" role=\"group\" aria-roledescription=\"slide\" aria-label=\"3 z 25\"><figure class=\"swiper-slide-inner\"><img decoding=\"async\" class=\"swiper-slide-image\" src=\"https:\/\/www.locusmap.app\/wp-content\/uploads\/2021\/01\/hs_logo.png\" alt=\"hs_logo\" \/><\/figure><\/div><div class=\"swiper-slide\" role=\"group\" aria-roledescription=\"slide\" aria-label=\"4 z 25\"><figure class=\"swiper-slide-inner\"><img decoding=\"async\" class=\"swiper-slide-image\" src=\"https:\/\/www.locusmap.app\/wp-content\/uploads\/2022\/05\/US-Search-Rescue-Logo.png\" alt=\"US Search Rescue Logo\" \/><\/figure><\/div><div class=\"swiper-slide\" role=\"group\" aria-roledescription=\"slide\" aria-label=\"5 z 25\"><figure class=\"swiper-slide-inner\"><img decoding=\"async\" class=\"swiper-slide-image\" src=\"https:\/\/www.locusmap.app\/wp-content\/uploads\/2021\/01\/Bergwacht-Logo-neu.png\" alt=\"Bergwacht Logo neu\" \/><\/figure><\/div><div class=\"swiper-slide\" role=\"group\" aria-roledescription=\"slide\" aria-label=\"6 z 25\"><figure class=\"swiper-slide-inner\"><img decoding=\"async\" class=\"swiper-slide-image\" src=\"https:\/\/www.locusmap.app\/wp-content\/uploads\/2021\/01\/BRH-Franken-LOGO-2015.png\" alt=\"BRH Franken LOGO -2015\" \/><\/figure><\/div><div class=\"swiper-slide\" role=\"group\" aria-roledescription=\"slide\" aria-label=\"7 z 25\"><figure class=\"swiper-slide-inner\"><img decoding=\"async\" class=\"swiper-slide-image\" src=\"https:\/\/www.locusmap.app\/wp-content\/uploads\/2021\/01\/DRK-RHS_Logo_neu.png\" alt=\"DRK-RHS_Logo_neu\" \/><\/figure><\/div><div class=\"swiper-slide\" role=\"group\" aria-roledescription=\"slide\" aria-label=\"8 z 25\"><figure class=\"swiper-slide-inner\"><img decoding=\"async\" class=\"swiper-slide-image\" src=\"https:\/\/www.locusmap.app\/wp-content\/uploads\/2021\/01\/image001.png\" alt=\"image001\" \/><\/figure><\/div><div class=\"swiper-slide\" role=\"group\" aria-roledescription=\"slide\" aria-label=\"9 z 25\"><figure class=\"swiper-slide-inner\"><img decoding=\"async\" class=\"swiper-slide-image\" src=\"https:\/\/www.locusmap.app\/wp-content\/uploads\/2021\/01\/Logo.png\" alt=\"Logo\" \/><\/figure><\/div><div class=\"swiper-slide\" role=\"group\" aria-roledescription=\"slide\" aria-label=\"10 z 25\"><figure class=\"swiper-slide-inner\"><img decoding=\"async\" class=\"swiper-slide-image\" src=\"https:\/\/www.locusmap.app\/wp-content\/uploads\/2021\/01\/logo_rhs_pi_freigestellt.png\" alt=\"logo_rhs_pi_freigestellt\" \/><\/figure><\/div><div class=\"swiper-slide\" role=\"group\" aria-roledescription=\"slide\" aria-label=\"11 z 25\"><figure class=\"swiper-slide-inner\"><img decoding=\"async\" class=\"swiper-slide-image\" src=\"https:\/\/www.locusmap.app\/wp-content\/uploads\/2021\/01\/201512210803520.dhz_podolinec_logo.png\" alt=\"201512210803520.dhz_podolinec_logo\" \/><\/figure><\/div><div class=\"swiper-slide\" role=\"group\" aria-roledescription=\"slide\" aria-label=\"12 z 25\"><figure class=\"swiper-slide-inner\"><img decoding=\"async\" class=\"swiper-slide-image\" src=\"https:\/\/www.locusmap.app\/wp-content\/uploads\/2021\/01\/Casavit_logo.png\" alt=\"Casavit_logo\" \/><\/figure><\/div><div class=\"swiper-slide\" role=\"group\" aria-roledescription=\"slide\" aria-label=\"13 z 25\"><figure class=\"swiper-slide-inner\"><img decoding=\"async\" class=\"swiper-slide-image\" src=\"https:\/\/www.locusmap.app\/wp-content\/uploads\/2021\/01\/Logo-KZZ.png\" alt=\"Logo KZZ\" \/><\/figure><\/div><div class=\"swiper-slide\" role=\"group\" aria-roledescription=\"slide\" aria-label=\"14 z 25\"><figure class=\"swiper-slide-inner\"><img decoding=\"async\" class=\"swiper-slide-image\" src=\"https:\/\/www.locusmap.app\/wp-content\/uploads\/2021\/01\/IMG_20201108_222055_207.png\" alt=\"IMG_20201108_222055_207\" \/><\/figure><\/div><div class=\"swiper-slide\" role=\"group\" aria-roledescription=\"slide\" aria-label=\"15 z 25\"><figure class=\"swiper-slide-inner\"><img decoding=\"async\" class=\"swiper-slide-image\" src=\"https:\/\/www.locusmap.app\/wp-content\/uploads\/2023\/01\/ptv_logo.jpg\" alt=\"ptv_logo\" \/><\/figure><\/div><div class=\"swiper-slide\" role=\"group\" aria-roledescription=\"slide\" aria-label=\"16 z 25\"><figure class=\"swiper-slide-inner\"><img decoding=\"async\" class=\"swiper-slide-image\" src=\"https:\/\/www.locusmap.app\/wp-content\/uploads\/2021\/01\/Logo_II.png\" alt=\"Logo_II\" \/><\/figure><\/div><div class=\"swiper-slide\" role=\"group\" aria-roledescription=\"slide\" aria-label=\"17 z 25\"><figure class=\"swiper-slide-inner\"><img decoding=\"async\" class=\"swiper-slide-image\" src=\"https:\/\/www.locusmap.app\/wp-content\/uploads\/2021\/01\/simple_logo_IVKM.png\" alt=\"simple_logo_IVKM\" \/><\/figure><\/div><div class=\"swiper-slide\" role=\"group\" aria-roledescription=\"slide\" aria-label=\"18 z 25\"><figure class=\"swiper-slide-inner\"><img decoding=\"async\" class=\"swiper-slide-image\" src=\"https:\/\/www.locusmap.app\/wp-content\/uploads\/2022\/05\/image001.png\" alt=\"image001\" \/><\/figure><\/div><div class=\"swiper-slide\" role=\"group\" aria-roledescription=\"slide\" aria-label=\"19 z 25\"><figure class=\"swiper-slide-inner\"><img decoding=\"async\" class=\"swiper-slide-image\" src=\"https:\/\/www.locusmap.app\/wp-content\/uploads\/2021\/01\/IMG_20200813_135425_742.png\" alt=\"IMG_20200813_135425_742\" \/><\/figure><\/div><div class=\"swiper-slide\" role=\"group\" aria-roledescription=\"slide\" aria-label=\"20 z 25\"><figure class=\"swiper-slide-inner\"><img decoding=\"async\" class=\"swiper-slide-image\" src=\"https:\/\/www.locusmap.app\/wp-content\/uploads\/2021\/01\/logo_2.png\" alt=\"logo_2\" \/><\/figure><\/div><div class=\"swiper-slide\" role=\"group\" aria-roledescription=\"slide\" aria-label=\"21 z 25\"><figure class=\"swiper-slide-inner\"><img decoding=\"async\" class=\"swiper-slide-image\" src=\"https:\/\/www.locusmap.app\/wp-content\/uploads\/2021\/01\/logo_mers.png\" alt=\"logo_mers\" \/><\/figure><\/div><div class=\"swiper-slide\" role=\"group\" aria-roledescription=\"slide\" aria-label=\"22 z 25\"><figure class=\"swiper-slide-inner\"><img decoding=\"async\" class=\"swiper-slide-image\" src=\"https:\/\/www.locusmap.app\/wp-content\/uploads\/2021\/01\/post-2246-0-13827000-1335424115.png\" alt=\"post-2246-0-13827000-1335424115\" \/><\/figure><\/div><div class=\"swiper-slide\" role=\"group\" aria-roledescription=\"slide\" aria-label=\"23 z 25\"><figure class=\"swiper-slide-inner\"><img decoding=\"async\" class=\"swiper-slide-image\" src=\"https:\/\/www.locusmap.app\/wp-content\/uploads\/2021\/01\/vodyanoy_logo_male.png\" alt=\"vodyanoy_logo_male\" \/><\/figure><\/div><div class=\"swiper-slide\" role=\"group\" aria-roledescription=\"slide\" aria-label=\"24 z 25\"><figure class=\"swiper-slide-inner\"><img decoding=\"async\" class=\"swiper-slide-image\" src=\"https:\/\/www.locusmap.app\/wp-content\/uploads\/2021\/01\/\u043b\u043e\u0433\u043e.png\" alt=\"\u043b\u043e\u0433\u043e\" \/><\/figure><\/div><div class=\"swiper-slide\" role=\"group\" aria-roledescription=\"slide\" aria-label=\"25 z 25\"><figure class=\"swiper-slide-inner\"><img decoding=\"async\" class=\"swiper-slide-image\" src=\"https:\/\/www.locusmap.app\/wp-content\/uploads\/2021\/01\/\u041b\u043e\u0433\u043e\u0442\u0438\u043f-\u0430\u043f\u0440\u0435\u043b\u044c-2019-\u043a\u0430\u0440\u0442\u0438\u043d\u043a\u0430.png\" alt=\"\u041b\u043e\u0433\u043e\u0442\u0438\u043f \u0430\u043f\u0440\u0435\u043b\u044c 2019 \u043a\u0430\u0440\u0442\u0438\u043d\u043a\u0430\" \/><\/figure><\/div>\t\t\t<\/div>\n\t\t\t\t\t\t\t\t\t\t\t\t<div class=\"elementor-swiper-button elementor-swiper-button-prev\" role=\"button\" tabindex=\"0\">\n\t\t\t\t\t\t<i aria-hidden=\"true\" class=\"eicon-chevron-left\"><\/i>\t\t\t\t\t<\/div>\n\t\t\t\t\t<div class=\"elementor-swiper-button elementor-swiper-button-next\" role=\"button\" tabindex=\"0\">\n\t\t\t\t\t\t<i aria-hidden=\"true\" class=\"eicon-chevron-right\"><\/i>\t\t\t\t\t<\/div>\n\t\t\t\t\n\t\t\t\t\t\t\t\t\t<div class=\"swiper-pagination\"><\/div>\n\t\t\t\t\t\t\t\t\t<\/div>\n\t\t\t\t\t\t<\/div>\n\t\t\t\t<\/div>\n\t\t\t\t\t<\/div>\n\t\t<\/div>\n\t\t\t\t\t<\/div>\n\t\t<\/section>\n\t\t\t\t<\/div>\n\t\t<div class=\"clearfix\"><\/div>","protected":false},"excerpt":{"rendered":"<p>Podpora z\u00e1chrann\u00fdch slo\u017eek V tomto programu poskytujeme bezplatn\u00e9 licence na plnou verzi outdoorov\u00e9 navigace Locus&#8230;<\/p>\n","protected":false},"author":1,"featured_media":0,"parent":0,"menu_order":0,"comment_status":"closed","ping_status":"closed","template":"elementor_header_footer","meta":{"footnotes":""},"class_list":["post-31257","page","type-page","status-publish","hentry"],"yoast_head":"<!-- This site is optimized with the Yoast SEO plugin v27.2 - https:\/\/yoast.com\/product\/yoast-seo-wordpress\/ -->\n<title>Podpora z\u00e1chrann\u00fdch slo\u017eek - Locus Map - mobile outdoor navigation app<\/title>\n<meta name=\"robots\" content=\"index, follow, max-snippet:-1, max-image-preview:large, max-video-preview:-1\" \/>\n<link rel=\"canonical\" href=\"https:\/\/www.locusmap.app\/cs\/podpora-zachrannych-slozek\/\" \/>\n<meta property=\"og:locale\" content=\"cs_CZ\" \/>\n<meta property=\"og:type\" content=\"article\" \/>\n<meta property=\"og:title\" content=\"Podpora z\u00e1chrann\u00fdch slo\u017eek - Locus Map - mobile outdoor navigation app\" \/>\n<meta property=\"og:description\" content=\"Podpora z\u00e1chrann\u00fdch slo\u017eek V tomto programu poskytujeme bezplatn\u00e9 licence na plnou verzi outdoorov\u00e9 navigace Locus...\" \/>\n<meta property=\"og:url\" content=\"https:\/\/www.locusmap.app\/cs\/podpora-zachrannych-slozek\/\" \/>\n<meta property=\"og:site_name\" content=\"Locus Map - mobile outdoor navigation app\" \/>\n<meta property=\"article:publisher\" content=\"https:\/\/www.facebook.com\/locusmap\" \/>\n<meta property=\"article:modified_time\" content=\"2025-03-17T07:08:00+00:00\" \/>\n<meta property=\"og:image\" content=\"https:\/\/www.locusmap.app\/wp-content\/uploads\/2021\/04\/ggplay-screen-lm4-CZ.jpg\" \/>\n\t<meta property=\"og:image:width\" content=\"1024\" \/>\n\t<meta property=\"og:image:height\" content=\"500\" \/>\n\t<meta property=\"og:image:type\" content=\"image\/jpeg\" \/>\n<meta name=\"twitter:card\" content=\"summary_large_image\" \/>\n<meta name=\"twitter:label1\" content=\"Odhadovan\u00e1 doba \u010dten\u00ed\" \/>\n\t<meta name=\"twitter:data1\" content=\"9 minut\" \/>\n<script type=\"application\/ld+json\" class=\"yoast-schema-graph\">{\"@context\":\"https:\/\/schema.org\",\"@graph\":[{\"@type\":\"WebPage\",\"@id\":\"https:\/\/www.locusmap.app\/cs\/podpora-zachrannych-slozek\/\",\"url\":\"https:\/\/www.locusmap.app\/cs\/podpora-zachrannych-slozek\/\",\"name\":\"Podpora z\u00e1chrann\u00fdch slo\u017eek - Locus Map - mobile outdoor navigation app\",\"isPartOf\":{\"@id\":\"https:\/\/www.locusmap.app\/cs\/#website\"},\"primaryImageOfPage\":{\"@id\":\"https:\/\/www.locusmap.app\/cs\/podpora-zachrannych-slozek\/#primaryimage\"},\"image\":{\"@id\":\"https:\/\/www.locusmap.app\/cs\/podpora-zachrannych-slozek\/#primaryimage\"},\"thumbnailUrl\":\"https:\/\/www.locusmap.app\/wp-content\/uploads\/2021\/01\/THS-DZ-logo.png\",\"datePublished\":\"2021-01-28T13:34:38+00:00\",\"dateModified\":\"2025-03-17T07:08:00+00:00\",\"breadcrumb\":{\"@id\":\"https:\/\/www.locusmap.app\/cs\/podpora-zachrannych-slozek\/#breadcrumb\"},\"inLanguage\":\"cs\",\"potentialAction\":[{\"@type\":\"ReadAction\",\"target\":[\"https:\/\/www.locusmap.app\/cs\/podpora-zachrannych-slozek\/\"]}]},{\"@type\":\"ImageObject\",\"inLanguage\":\"cs\",\"@id\":\"https:\/\/www.locusmap.app\/cs\/podpora-zachrannych-slozek\/#primaryimage\",\"url\":\"https:\/\/www.locusmap.app\/wp-content\/uploads\/2021\/01\/THS-DZ-logo.png\",\"contentUrl\":\"https:\/\/www.locusmap.app\/wp-content\/uploads\/2021\/01\/THS-DZ-logo.png\"},{\"@type\":\"BreadcrumbList\",\"@id\":\"https:\/\/www.locusmap.app\/cs\/podpora-zachrannych-slozek\/#breadcrumb\",\"itemListElement\":[{\"@type\":\"ListItem\",\"position\":1,\"name\":\"Dom\u016f\",\"item\":\"https:\/\/www.locusmap.app\/cs\/aplikace\/\"},{\"@type\":\"ListItem\",\"position\":2,\"name\":\"Podpora z\u00e1chrann\u00fdch slo\u017eek\"}]},{\"@type\":\"WebSite\",\"@id\":\"https:\/\/www.locusmap.app\/cs\/#website\",\"url\":\"https:\/\/www.locusmap.app\/cs\/\",\"name\":\"Locus Map - mobile outdoor navigation app\",\"description\":\"Multi-functional mobile outdoor navigation app for hiking, cycling, geocaching, sailing, flying and other sports activities and traveling\",\"publisher\":{\"@id\":\"https:\/\/www.locusmap.app\/cs\/#organization\"},\"potentialAction\":[{\"@type\":\"SearchAction\",\"target\":{\"@type\":\"EntryPoint\",\"urlTemplate\":\"https:\/\/www.locusmap.app\/cs\/?s={search_term_string}\"},\"query-input\":{\"@type\":\"PropertyValueSpecification\",\"valueRequired\":true,\"valueName\":\"search_term_string\"}}],\"inLanguage\":\"cs\"},{\"@type\":\"Organization\",\"@id\":\"https:\/\/www.locusmap.app\/cs\/#organization\",\"name\":\"Locus Map - mobile outdoor navigation app\",\"url\":\"https:\/\/www.locusmap.app\/cs\/\",\"logo\":{\"@type\":\"ImageObject\",\"inLanguage\":\"cs\",\"@id\":\"https:\/\/www.locusmap.app\/cs\/#\/schema\/logo\/image\/\",\"url\":\"https:\/\/www.locusmap.app\/wp-content\/uploads\/2021\/03\/ggplay-screen-lm4.jpg\",\"contentUrl\":\"https:\/\/www.locusmap.app\/wp-content\/uploads\/2021\/03\/ggplay-screen-lm4.jpg\",\"width\":1024,\"height\":500,\"caption\":\"Locus Map - mobile outdoor navigation app\"},\"image\":{\"@id\":\"https:\/\/www.locusmap.app\/cs\/#\/schema\/logo\/image\/\"},\"sameAs\":[\"https:\/\/www.facebook.com\/locusmap\",\"https:\/\/en.wikipedia.org\/wiki\/Locus_Map\"]}]}<\/script>\n<!-- \/ Yoast SEO plugin. -->","yoast_head_json":{"title":"Podpora z\u00e1chrann\u00fdch slo\u017eek - Locus Map - mobile outdoor navigation app","robots":{"index":"index","follow":"follow","max-snippet":"max-snippet:-1","max-image-preview":"max-image-preview:large","max-video-preview":"max-video-preview:-1"},"canonical":"https:\/\/www.locusmap.app\/cs\/podpora-zachrannych-slozek\/","og_locale":"cs_CZ","og_type":"article","og_title":"Podpora z\u00e1chrann\u00fdch slo\u017eek - Locus Map - mobile outdoor navigation app","og_description":"Podpora z\u00e1chrann\u00fdch slo\u017eek V tomto programu poskytujeme bezplatn\u00e9 licence na plnou verzi outdoorov\u00e9 navigace Locus...","og_url":"https:\/\/www.locusmap.app\/cs\/podpora-zachrannych-slozek\/","og_site_name":"Locus Map - mobile outdoor navigation app","article_publisher":"https:\/\/www.facebook.com\/locusmap","article_modified_time":"2025-03-17T07:08:00+00:00","og_image":[{"width":1024,"height":500,"url":"https:\/\/www.locusmap.app\/wp-content\/uploads\/2021\/04\/ggplay-screen-lm4-CZ.jpg","type":"image\/jpeg"}],"twitter_card":"summary_large_image","twitter_misc":{"Odhadovan\u00e1 doba \u010dten\u00ed":"9 minut"},"schema":{"@context":"https:\/\/schema.org","@graph":[{"@type":"WebPage","@id":"https:\/\/www.locusmap.app\/cs\/podpora-zachrannych-slozek\/","url":"https:\/\/www.locusmap.app\/cs\/podpora-zachrannych-slozek\/","name":"Podpora z\u00e1chrann\u00fdch slo\u017eek - Locus Map - mobile outdoor navigation app","isPartOf":{"@id":"https:\/\/www.locusmap.app\/cs\/#website"},"primaryImageOfPage":{"@id":"https:\/\/www.locusmap.app\/cs\/podpora-zachrannych-slozek\/#primaryimage"},"image":{"@id":"https:\/\/www.locusmap.app\/cs\/podpora-zachrannych-slozek\/#primaryimage"},"thumbnailUrl":"https:\/\/www.locusmap.app\/wp-content\/uploads\/2021\/01\/THS-DZ-logo.png","datePublished":"2021-01-28T13:34:38+00:00","dateModified":"2025-03-17T07:08:00+00:00","breadcrumb":{"@id":"https:\/\/www.locusmap.app\/cs\/podpora-zachrannych-slozek\/#breadcrumb"},"inLanguage":"cs","potentialAction":[{"@type":"ReadAction","target":["https:\/\/www.locusmap.app\/cs\/podpora-zachrannych-slozek\/"]}]},{"@type":"ImageObject","inLanguage":"cs","@id":"https:\/\/www.locusmap.app\/cs\/podpora-zachrannych-slozek\/#primaryimage","url":"https:\/\/www.locusmap.app\/wp-content\/uploads\/2021\/01\/THS-DZ-logo.png","contentUrl":"https:\/\/www.locusmap.app\/wp-content\/uploads\/2021\/01\/THS-DZ-logo.png"},{"@type":"BreadcrumbList","@id":"https:\/\/www.locusmap.app\/cs\/podpora-zachrannych-slozek\/#breadcrumb","itemListElement":[{"@type":"ListItem","position":1,"name":"Dom\u016f","item":"https:\/\/www.locusmap.app\/cs\/aplikace\/"},{"@type":"ListItem","position":2,"name":"Podpora z\u00e1chrann\u00fdch slo\u017eek"}]},{"@type":"WebSite","@id":"https:\/\/www.locusmap.app\/cs\/#website","url":"https:\/\/www.locusmap.app\/cs\/","name":"Locus Map - mobile outdoor navigation app","description":"Multi-functional mobile outdoor navigation app for hiking, cycling, geocaching, sailing, flying and other sports activities and traveling","publisher":{"@id":"https:\/\/www.locusmap.app\/cs\/#organization"},"potentialAction":[{"@type":"SearchAction","target":{"@type":"EntryPoint","urlTemplate":"https:\/\/www.locusmap.app\/cs\/?s={search_term_string}"},"query-input":{"@type":"PropertyValueSpecification","valueRequired":true,"valueName":"search_term_string"}}],"inLanguage":"cs"},{"@type":"Organization","@id":"https:\/\/www.locusmap.app\/cs\/#organization","name":"Locus Map - mobile outdoor navigation app","url":"https:\/\/www.locusmap.app\/cs\/","logo":{"@type":"ImageObject","inLanguage":"cs","@id":"https:\/\/www.locusmap.app\/cs\/#\/schema\/logo\/image\/","url":"https:\/\/www.locusmap.app\/wp-content\/uploads\/2021\/03\/ggplay-screen-lm4.jpg","contentUrl":"https:\/\/www.locusmap.app\/wp-content\/uploads\/2021\/03\/ggplay-screen-lm4.jpg","width":1024,"height":500,"caption":"Locus Map - mobile outdoor navigation app"},"image":{"@id":"https:\/\/www.locusmap.app\/cs\/#\/schema\/logo\/image\/"},"sameAs":["https:\/\/www.facebook.com\/locusmap","https:\/\/en.wikipedia.org\/wiki\/Locus_Map"]}]}},"_links":{"self":[{"href":"https:\/\/www.locusmap.app\/cs\/wp-json\/wp\/v2\/pages\/31257","targetHints":{"allow":["GET"]}}],"collection":[{"href":"https:\/\/www.locusmap.app\/cs\/wp-json\/wp\/v2\/pages"}],"about":[{"href":"https:\/\/www.locusmap.app\/cs\/wp-json\/wp\/v2\/types\/page"}],"author":[{"embeddable":true,"href":"https:\/\/www.locusmap.app\/cs\/wp-json\/wp\/v2\/users\/1"}],"replies":[{"embeddable":true,"href":"https:\/\/www.locusmap.app\/cs\/wp-json\/wp\/v2\/comments?post=31257"}],"version-history":[{"count":32,"href":"https:\/\/www.locusmap.app\/cs\/wp-json\/wp\/v2\/pages\/31257\/revisions"}],"predecessor-version":[{"id":36686,"href":"https:\/\/www.locusmap.app\/cs\/wp-json\/wp\/v2\/pages\/31257\/revisions\/36686"}],"wp:attachment":[{"href":"https:\/\/www.locusmap.app\/cs\/wp-json\/wp\/v2\/media?parent=31257"}],"curies":[{"name":"wp","href":"https:\/\/api.w.org\/{rel}","templated":true}]}}